{"id":3551,"date":"2021-04-21T08:42:48","date_gmt":"2021-04-21T06:42:48","guid":{"rendered":"https:\/\/www.maspares.com\/legal-notice\/"},"modified":"2024-08-07T13:50:53","modified_gmt":"2024-08-07T11:50:53","slug":"legal-notice","status":"publish","type":"page","link":"https:\/\/www.maspares.com\/en\/legal-notice\/","title":{"rendered":"Legal notice"},"content":{"rendered":"\t\t<div data-elementor-type=\"wp-page\" data-elementor-id=\"3551\" class=\"elementor elementor-3551 elementor-56\" data-elementor-post-type=\"page\">\n\t\t\t\t\t\t<section class=\"elementor-section elementor-top-section elementor-element elementor-element-55d8907 elementor-section-boxed elementor-section-height-default elementor-section-height-default\" data-id=\"55d8907\" data-element_type=\"section\" data-settings=\"{&quot;background_background&quot;:&quot;classic&quot;}\">\n\t\t\t\t\t\t<div class=\"elementor-container elementor-column-gap-default\">\n\t\t\t\t\t<div class=\"elementor-column elementor-col-100 elementor-top-column elementor-element elementor-element-ef7b029\" data-id=\"ef7b029\" data-element_type=\"column\">\n\t\t\t<div class=\"elementor-widget-wrap elementor-element-populated\">\n\t\t\t\t\t\t<div class=\"elementor-element elementor-element-76ea55c elementor-widget elementor-widget-heading\" data-id=\"76ea55c\" data-element_type=\"widget\" data-widget_type=\"heading.default\">\n\t\t\t\t<div class=\"elementor-widget-container\">\n\t\t\t\t\t<h1 class=\"elementor-heading-title elementor-size-default\">legal notice<\/h1>\t\t\t\t<\/div>\n\t\t\t\t<\/div>\n\t\t\t\t<div class=\"elementor-element elementor-element-991ce04 elementor-widget elementor-widget-text-editor\" data-id=\"991ce04\" data-element_type=\"widget\" data-widget_type=\"text-editor.default\">\n\t\t\t\t<div class=\"elementor-widget-container\">\n\t\t\t\t\t\t\t\t\t<p>El sitio web y el dominio www.maspares.com corresponden a INNODUCKY SL (en adelante MAS PAR\u00c9S), con CIF B17165515, domiciliada en C\/COSO BAJO N\u00ba 32- 3\u00aa 22003- HUESCA, tel. 972421877, a \/ e admin@maspares.com.<\/p>\n<p>Figura inscrita en el Registro Mercantil de Girona con los siguientes datos registrales: Tomo 721, Folio 185, Hoja GI-13823.<\/p>\n<p><strong>PROPIEDAD INTELECTUAL E INDUSTRIAL<\/strong><\/p>\n<p>Los contenidos de este sitio, incluyendo los textos, im\u00e1genes y dise\u00f1os gr\u00e1ficos, pertenecen a MAS PAR\u00c9S, o a terceros que han autorizado su uso espec\u00edficamente en su sitio web. MAS PAR\u00c9S presenta estos contenidos con fines de informaci\u00f3n y publicidad. MAS PAR\u00c9S autoriza su utilizaci\u00f3n exclusivamente para difundir sus productos o servicios. Cualquier utilizaci\u00f3n de estos dise\u00f1os, im\u00e1genes o textos deber\u00e1 citar expresamente su pertenencia a MAS PAR\u00c9S, que se reserva el derecho a iniciar las acciones legales oportunas para reparar los da\u00f1os y perjuicios causados por cualquier acto que vulnere sus derechos de propiedad inteligente intelectual o industrial. No se autoriza la utilizaci\u00f3n de los logotipos, dise\u00f1os, marcas u otros signos distintivos de MAS PAR\u00c9S ni los clientes de MAS PAR\u00c9S sin autorizaci\u00f3n expresa, previa y por escrito de los respectivos titulares de los derechos.<\/p>\n<p>No se autorizan presentaciones de los contenidos de este sitio en una ventana ajena a www.maspares.com (framing).<\/p>\n<p><strong>RESPONSABILIDAD SOBRE LOS CONTENIDOS<\/strong><\/p>\n<p>Aunque MAS PAR\u00c9S act\u00faa con la m\u00e1xima diligencia posible, puede darse el caso de que alg\u00fan dato o informaci\u00f3n no est\u00e9 del todo actualizada en el momento que el usuario del sitio web lo consulte. Por eso MAS PAR\u00c9S manifiesta que las referencias de los productos y precios que se presentan en su sitio web tienen una funci\u00f3n orientativa y no obligan a MAS PAR\u00c9S hasta la confirmaci\u00f3n expresa de un pedido.<\/p>\n<p>MAS PAR\u00c9S no se hace responsable de la informaci\u00f3n que se pueda obtener a trav\u00e9s de enlaces incluidos en el sitio.<\/p>\n<p><strong>CONDICIONES DE USO<\/strong><\/p>\n<p>El uso de este sitio web implica la aceptaci\u00f3n plena de los t\u00e9rminos y condiciones del presente aviso legal. Los posibles conflictos relativos a esta web se regir\u00e1n exclusivamente por el derecho del Estado espa\u00f1ol. Toda persona usuaria del web, independientemente de la jurisdicci\u00f3n territorial desde la que se produzca su acceso, acepta el cumplimiento y respeto de estas cl\u00e1usulas.<\/p>\n\t\t\t\t\t\t\t\t<\/div>\n\t\t\t\t<\/div>\n\t\t\t\t\t<\/div>\n\t\t<\/div>\n\t\t\t\t\t<\/div>\n\t\t<\/section>\n\t\t\t\t<\/div>\n\t\t","protected":false},"excerpt":{"rendered":"<p>legal notice El sitio web y el dominio www.maspares.com corresponden a INNODUCKY SL (en adelante MAS PAR\u00c9S), con CIF B17165515, domiciliada en C\/COSO BAJO N\u00ba 32- 3\u00aa 22003- HUESCA, tel. 972421877, a \/ e admin@maspares.com. Figura inscrita en el Registro Mercantil de Girona con los siguientes datos registrales: Tomo 721, Folio 185, Hoja GI-13823. PROPIEDAD&hellip;&nbsp;<a href=\"https:\/\/www.maspares.com\/en\/legal-notice\/\" rel=\"bookmark\"><span class=\"screen-reader-text\">Legal notice<\/span><\/a><\/p>\n","protected":false},"author":1,"featured_media":0,"parent":0,"menu_order":0,"comment_status":"closed","ping_status":"closed","template":"elementor_header_footer","meta":{"_acf_changed":false,"neve_meta_sidebar":"","neve_meta_container":"","neve_meta_enable_content_width":"off","neve_meta_content_width":100,"neve_meta_title_alignment":"","neve_meta_author_avatar":"","neve_post_elements_order":"","neve_meta_disable_header":"","neve_meta_disable_footer":"","neve_meta_disable_title":"","_joinchat":[],"footnotes":""},"class_list":["post-3551","page","type-page","status-publish","hentry"],"acf":[],"yoast_head":"<!-- This site is optimized with the Yoast SEO plugin v26.1.1 - https:\/\/yoast.com\/wordpress\/plugins\/seo\/ -->\n<title>Legal notice | Mas Par\u00e9s<\/title>\n<meta name=\"robots\" content=\"noindex, follow\" \/>\n<meta property=\"og:locale\" content=\"en_US\" \/>\n<meta property=\"og:type\" content=\"article\" \/>\n<meta property=\"og:title\" content=\"Legal notice | Mas Par\u00e9s\" \/>\n<meta property=\"og:description\" content=\"legal notice El sitio web y el dominio www.maspares.com corresponden a INNODUCKY SL (en adelante MAS PAR\u00c9S), con CIF B17165515, domiciliada en C\/COSO BAJO N\u00ba 32- 3\u00aa 22003- HUESCA, tel. 972421877, a \/ e admin@maspares.com. Figura inscrita en el Registro Mercantil de Girona con los siguientes datos registrales: Tomo 721, Folio 185, Hoja GI-13823. PROPIEDAD&hellip;&nbsp;Legal notice\" \/>\n<meta property=\"og:url\" content=\"https:\/\/www.maspares.com\/en\/legal-notice\/\" \/>\n<meta property=\"og:site_name\" content=\"Mas Par\u00e9s\" \/>\n<meta property=\"article:publisher\" content=\"https:\/\/www.facebook.com\/mas.pares\" \/>\n<meta property=\"article:modified_time\" content=\"2024-08-07T11:50:53+00:00\" \/>\n<meta property=\"og:image\" content=\"https:\/\/www.maspares.com\/wp-content\/uploads\/2024\/10\/MasPares.jpg\" \/>\n\t<meta property=\"og:image:width\" content=\"1280\" \/>\n\t<meta property=\"og:image:height\" content=\"720\" \/>\n\t<meta property=\"og:image:type\" content=\"image\/jpeg\" \/>\n<meta name=\"twitter:card\" content=\"summary_large_image\" \/>\n<meta name=\"twitter:label1\" content=\"Est. reading time\" \/>\n\t<meta name=\"twitter:data1\" content=\"2 minutes\" \/>\n<script type=\"application\/ld+json\" class=\"yoast-schema-graph\">{\"@context\":\"https:\/\/schema.org\",\"@graph\":[{\"@type\":\"WebPage\",\"@id\":\"https:\/\/www.maspares.com\/en\/legal-notice\/\",\"url\":\"https:\/\/www.maspares.com\/en\/legal-notice\/\",\"name\":\"Legal notice | Mas Par\u00e9s\",\"isPartOf\":{\"@id\":\"https:\/\/www.maspares.com\/en\/#website\"},\"datePublished\":\"2021-04-21T06:42:48+00:00\",\"dateModified\":\"2024-08-07T11:50:53+00:00\",\"breadcrumb\":{\"@id\":\"https:\/\/www.maspares.com\/en\/legal-notice\/#breadcrumb\"},\"inLanguage\":\"en-US\",\"potentialAction\":[{\"@type\":\"ReadAction\",\"target\":[\"https:\/\/www.maspares.com\/en\/legal-notice\/\"]}]},{\"@type\":\"BreadcrumbList\",\"@id\":\"https:\/\/www.maspares.com\/en\/legal-notice\/#breadcrumb\",\"itemListElement\":[{\"@type\":\"ListItem\",\"position\":1,\"name\":\"Portada\",\"item\":\"https:\/\/www.maspares.com\/en\/\"},{\"@type\":\"ListItem\",\"position\":2,\"name\":\"Legal notice\"}]},{\"@type\":\"WebSite\",\"@id\":\"https:\/\/www.maspares.com\/en\/#website\",\"url\":\"https:\/\/www.maspares.com\/en\/\",\"name\":\"Mas Par\u00e9s\",\"description\":\"Eevando el sabor del Foie Gras desde 1978\",\"publisher\":{\"@id\":\"https:\/\/www.maspares.com\/en\/#organization\"},\"alternateName\":\"Mas Par\u00e9s\",\"potentialAction\":[{\"@type\":\"SearchAction\",\"target\":{\"@type\":\"EntryPoint\",\"urlTemplate\":\"https:\/\/www.maspares.com\/en\/?s={search_term_string}\"},\"query-input\":{\"@type\":\"PropertyValueSpecification\",\"valueRequired\":true,\"valueName\":\"search_term_string\"}}],\"inLanguage\":\"en-US\"},{\"@type\":\"Organization\",\"@id\":\"https:\/\/www.maspares.com\/en\/#organization\",\"name\":\"Mas Par\u00e9s\",\"alternateName\":\"Mas Par\u00e9s\",\"url\":\"https:\/\/www.maspares.com\/en\/\",\"logo\":{\"@type\":\"ImageObject\",\"inLanguage\":\"en-US\",\"@id\":\"https:\/\/www.maspares.com\/en\/#\/schema\/logo\/image\/\",\"url\":\"https:\/\/www.maspares.com\/wp-content\/uploads\/2021\/04\/favicon.png\",\"contentUrl\":\"https:\/\/www.maspares.com\/wp-content\/uploads\/2021\/04\/favicon.png\",\"width\":512,\"height\":512,\"caption\":\"Mas Par\u00e9s\"},\"image\":{\"@id\":\"https:\/\/www.maspares.com\/en\/#\/schema\/logo\/image\/\"},\"sameAs\":[\"https:\/\/www.facebook.com\/mas.pares\",\"https:\/\/www.instagram.com\/maspares\/\",\"https:\/\/www.linkedin.com\/company\/mas-pares\/\",\"https:\/\/www.tiktok.com\/@maspares0\"]}]}<\/script>\n<!-- \/ Yoast SEO plugin. -->","yoast_head_json":{"title":"Legal notice | Mas Par\u00e9s","robots":{"index":"noindex","follow":"follow"},"og_locale":"en_US","og_type":"article","og_title":"Legal notice | Mas Par\u00e9s","og_description":"legal notice El sitio web y el dominio www.maspares.com corresponden a INNODUCKY SL (en adelante MAS PAR\u00c9S), con CIF B17165515, domiciliada en C\/COSO BAJO N\u00ba 32- 3\u00aa 22003- HUESCA, tel. 972421877, a \/ e admin@maspares.com. Figura inscrita en el Registro Mercantil de Girona con los siguientes datos registrales: Tomo 721, Folio 185, Hoja GI-13823. PROPIEDAD&hellip;&nbsp;Legal notice","og_url":"https:\/\/www.maspares.com\/en\/legal-notice\/","og_site_name":"Mas Par\u00e9s","article_publisher":"https:\/\/www.facebook.com\/mas.pares","article_modified_time":"2024-08-07T11:50:53+00:00","og_image":[{"width":1280,"height":720,"url":"https:\/\/www.maspares.com\/wp-content\/uploads\/2024\/10\/MasPares.jpg","type":"image\/jpeg"}],"twitter_card":"summary_large_image","twitter_misc":{"Est. reading time":"2 minutes"},"schema":{"@context":"https:\/\/schema.org","@graph":[{"@type":"WebPage","@id":"https:\/\/www.maspares.com\/en\/legal-notice\/","url":"https:\/\/www.maspares.com\/en\/legal-notice\/","name":"Legal notice | Mas Par\u00e9s","isPartOf":{"@id":"https:\/\/www.maspares.com\/en\/#website"},"datePublished":"2021-04-21T06:42:48+00:00","dateModified":"2024-08-07T11:50:53+00:00","breadcrumb":{"@id":"https:\/\/www.maspares.com\/en\/legal-notice\/#breadcrumb"},"inLanguage":"en-US","potentialAction":[{"@type":"ReadAction","target":["https:\/\/www.maspares.com\/en\/legal-notice\/"]}]},{"@type":"BreadcrumbList","@id":"https:\/\/www.maspares.com\/en\/legal-notice\/#breadcrumb","itemListElement":[{"@type":"ListItem","position":1,"name":"Portada","item":"https:\/\/www.maspares.com\/en\/"},{"@type":"ListItem","position":2,"name":"Legal notice"}]},{"@type":"WebSite","@id":"https:\/\/www.maspares.com\/en\/#website","url":"https:\/\/www.maspares.com\/en\/","name":"Mas Par\u00e9s","description":"Eevando el sabor del Foie Gras desde 1978","publisher":{"@id":"https:\/\/www.maspares.com\/en\/#organization"},"alternateName":"Mas Par\u00e9s","potentialAction":[{"@type":"SearchAction","target":{"@type":"EntryPoint","urlTemplate":"https:\/\/www.maspares.com\/en\/?s={search_term_string}"},"query-input":{"@type":"PropertyValueSpecification","valueRequired":true,"valueName":"search_term_string"}}],"inLanguage":"en-US"},{"@type":"Organization","@id":"https:\/\/www.maspares.com\/en\/#organization","name":"Mas Par\u00e9s","alternateName":"Mas Par\u00e9s","url":"https:\/\/www.maspares.com\/en\/","logo":{"@type":"ImageObject","inLanguage":"en-US","@id":"https:\/\/www.maspares.com\/en\/#\/schema\/logo\/image\/","url":"https:\/\/www.maspares.com\/wp-content\/uploads\/2021\/04\/favicon.png","contentUrl":"https:\/\/www.maspares.com\/wp-content\/uploads\/2021\/04\/favicon.png","width":512,"height":512,"caption":"Mas Par\u00e9s"},"image":{"@id":"https:\/\/www.maspares.com\/en\/#\/schema\/logo\/image\/"},"sameAs":["https:\/\/www.facebook.com\/mas.pares","https:\/\/www.instagram.com\/maspares\/","https:\/\/www.linkedin.com\/company\/mas-pares\/","https:\/\/www.tiktok.com\/@maspares0"]}]}},"_links":{"self":[{"href":"https:\/\/www.maspares.com\/en\/wp-json\/wp\/v2\/pages\/3551","targetHints":{"allow":["GET"]}}],"collection":[{"href":"https:\/\/www.maspares.com\/en\/wp-json\/wp\/v2\/pages"}],"about":[{"href":"https:\/\/www.maspares.com\/en\/wp-json\/wp\/v2\/types\/page"}],"author":[{"embeddable":true,"href":"https:\/\/www.maspares.com\/en\/wp-json\/wp\/v2\/users\/1"}],"replies":[{"embeddable":true,"href":"https:\/\/www.maspares.com\/en\/wp-json\/wp\/v2\/comments?post=3551"}],"version-history":[{"count":2,"href":"https:\/\/www.maspares.com\/en\/wp-json\/wp\/v2\/pages\/3551\/revisions"}],"predecessor-version":[{"id":3717,"href":"https:\/\/www.maspares.com\/en\/wp-json\/wp\/v2\/pages\/3551\/revisions\/3717"}],"wp:attachment":[{"href":"https:\/\/www.maspares.com\/en\/wp-json\/wp\/v2\/media?parent=3551"}],"curies":[{"name":"wp","href":"https:\/\/api.w.org\/{rel}","templated":true}]}}