{"id":6228,"date":"2025-11-18T21:46:06","date_gmt":"2025-11-18T20:46:06","guid":{"rendered":"https:\/\/www.maspares.com\/?post_type=product&#038;p=6228"},"modified":"2025-11-19T22:42:17","modified_gmt":"2025-11-19T21:42:17","slug":"foiegras-pedroximenez","status":"publish","type":"product","link":"https:\/\/www.maspares.com\/ca\/producte\/foiegras-pedroximenez\/","title":{"rendered":"bloc de foie gras amb Pedro Xim\u00e9nez"},"content":{"rendered":"<p class=\"p1\">Bloc de foie gras d&#8217;<strong data-start=\"41\" data-end=\"49\">\u00e0nec<\/strong> amb Pedro Xim\u00e9nez<\/p>\n<div id=\"gtx-trans\" style=\"position: absolute; left: -5px; top: 48px;\">\n<div class=\"gtx-trans-icon\"><\/div>\n<\/div>\n","protected":false},"excerpt":{"rendered":"<p><br data-mce-bogus=\"1\"><\/p>\n","protected":false},"featured_media":6229,"template":"","meta":{"_acf_changed":false,"neve_meta_sidebar":"","neve_meta_container":"","neve_meta_enable_content_width":"off","neve_meta_content_width":100,"neve_meta_title_alignment":"","neve_meta_author_avatar":"","neve_post_elements_order":"","neve_meta_disable_header":"","neve_meta_disable_footer":"","neve_meta_disable_title":"","_joinchat":[]},"product_cat":[95,97,99,101,105,56],"product_tag":[],"giftcard-category":[],"class_list":{"0":"post-6228","1":"product","2":"type-product","3":"status-publish","4":"has-post-thumbnail","6":"product_cat-alta-gastronomia-ca","7":"product_cat-aperitius","8":"product_cat-bloc-ca","9":"product_cat-celebracions","10":"product_cat-foie-gras-ca","11":"product_cat-conserves","13":"first","14":"instock","15":"taxable","16":"shipping-taxable","17":"purchasable","18":"product-type-simple"},"acf":[],"yoast_head":"<!-- This site is optimized with the Yoast SEO plugin v26.1.1 - https:\/\/yoast.com\/wordpress\/plugins\/seo\/ -->\n<title>bloc de foie gras amb Pedro Xim\u00e9nez | Mas Par\u00e9s<\/title>\n<meta name=\"description\" content=\"Fetge gras d\u2019\u00e0nec amanit, emulsionat i sotm\u00e8s a un tractament t\u00e8rmic de pasteuritzaci\u00f3. Presenta una capa transversal de Pedro Xim\u00e9nez.\" \/>\n<meta name=\"robots\" content=\"index, follow, max-snippet:-1, max-image-preview:large, max-video-preview:-1\" \/>\n<link rel=\"canonical\" href=\"https:\/\/www.maspares.com\/ca\/producte\/foiegras-pedroximenez\/\" \/>\n<meta property=\"og:locale\" content=\"ca_ES\" \/>\n<meta property=\"og:type\" content=\"article\" \/>\n<meta property=\"og:title\" content=\"bloc de foie gras amb Pedro Xim\u00e9nez | Mas Par\u00e9s\" \/>\n<meta property=\"og:description\" content=\"Fetge gras d\u2019\u00e0nec amanit, emulsionat i sotm\u00e8s a un tractament t\u00e8rmic de pasteuritzaci\u00f3. Presenta una capa transversal de Pedro Xim\u00e9nez.\" \/>\n<meta property=\"og:url\" content=\"https:\/\/www.maspares.com\/ca\/producte\/foiegras-pedroximenez\/\" \/>\n<meta property=\"og:site_name\" content=\"Mas Par\u00e9s\" \/>\n<meta property=\"article:publisher\" content=\"https:\/\/www.facebook.com\/mas.pares\" \/>\n<meta property=\"article:modified_time\" content=\"2025-11-19T21:42:17+00:00\" \/>\n<meta property=\"og:image\" content=\"https:\/\/www.maspares.com\/wp-content\/uploads\/2025\/11\/Pedro-Ximenez-esp-scaled-e1763501660607.webp\" \/>\n\t<meta property=\"og:image:width\" content=\"1000\" \/>\n\t<meta property=\"og:image:height\" content=\"797\" \/>\n\t<meta property=\"og:image:type\" content=\"image\/webp\" \/>\n<meta name=\"twitter:card\" content=\"summary_large_image\" \/>\n<meta name=\"twitter:label1\" content=\"Temps estimat de lectura\" \/>\n\t<meta name=\"twitter:data1\" content=\"1 minut\" \/>\n<script type=\"application\/ld+json\" class=\"yoast-schema-graph\">{\"@context\":\"https:\/\/schema.org\",\"@graph\":[{\"@type\":\"WebPage\",\"@id\":\"https:\/\/www.maspares.com\/ca\/producte\/foiegras-pedroximenez\/\",\"url\":\"https:\/\/www.maspares.com\/ca\/producte\/foiegras-pedroximenez\/\",\"name\":\"bloc de foie gras amb Pedro Xim\u00e9nez | Mas Par\u00e9s\",\"isPartOf\":{\"@id\":\"https:\/\/www.maspares.com\/ca\/#website\"},\"primaryImageOfPage\":{\"@id\":\"https:\/\/www.maspares.com\/ca\/producte\/foiegras-pedroximenez\/#primaryimage\"},\"image\":{\"@id\":\"https:\/\/www.maspares.com\/ca\/producte\/foiegras-pedroximenez\/#primaryimage\"},\"thumbnailUrl\":\"https:\/\/www.maspares.com\/wp-content\/uploads\/2025\/11\/Pedro-Ximenez-esp-scaled-e1763588986933.webp\",\"datePublished\":\"2025-11-18T20:46:06+00:00\",\"dateModified\":\"2025-11-19T21:42:17+00:00\",\"description\":\"Fetge gras d\u2019\u00e0nec amanit, emulsionat i sotm\u00e8s a un tractament t\u00e8rmic de pasteuritzaci\u00f3. Presenta una capa transversal de Pedro Xim\u00e9nez.\",\"breadcrumb\":{\"@id\":\"https:\/\/www.maspares.com\/ca\/producte\/foiegras-pedroximenez\/#breadcrumb\"},\"inLanguage\":\"ca\",\"potentialAction\":[{\"@type\":\"ReadAction\",\"target\":[\"https:\/\/www.maspares.com\/ca\/producte\/foiegras-pedroximenez\/\"]}]},{\"@type\":\"ImageObject\",\"inLanguage\":\"ca\",\"@id\":\"https:\/\/www.maspares.com\/ca\/producte\/foiegras-pedroximenez\/#primaryimage\",\"url\":\"https:\/\/www.maspares.com\/wp-content\/uploads\/2025\/11\/Pedro-Ximenez-esp-scaled-e1763588986933.webp\",\"contentUrl\":\"https:\/\/www.maspares.com\/wp-content\/uploads\/2025\/11\/Pedro-Ximenez-esp-scaled-e1763588986933.webp\",\"width\":998,\"height\":687},{\"@type\":\"BreadcrumbList\",\"@id\":\"https:\/\/www.maspares.com\/ca\/producte\/foiegras-pedroximenez\/#breadcrumb\",\"itemListElement\":[{\"@type\":\"ListItem\",\"position\":1,\"name\":\"Portada\",\"item\":\"https:\/\/www.maspares.com\/ca\/\"},{\"@type\":\"ListItem\",\"position\":2,\"name\":\"Botiga\",\"item\":\"https:\/\/www.maspares.com\/ca\/shop\/\"},{\"@type\":\"ListItem\",\"position\":3,\"name\":\"bloc de foie gras amb Pedro Xim\u00e9nez\"}]},{\"@type\":\"WebSite\",\"@id\":\"https:\/\/www.maspares.com\/ca\/#website\",\"url\":\"https:\/\/www.maspares.com\/ca\/\",\"name\":\"Mas Par\u00e9s\",\"description\":\"Eevando el sabor del Foie Gras desde 1978\",\"publisher\":{\"@id\":\"https:\/\/www.maspares.com\/ca\/#organization\"},\"alternateName\":\"Mas Par\u00e9s\",\"potentialAction\":[{\"@type\":\"SearchAction\",\"target\":{\"@type\":\"EntryPoint\",\"urlTemplate\":\"https:\/\/www.maspares.com\/ca\/?s={search_term_string}\"},\"query-input\":{\"@type\":\"PropertyValueSpecification\",\"valueRequired\":true,\"valueName\":\"search_term_string\"}}],\"inLanguage\":\"ca\"},{\"@type\":\"Organization\",\"@id\":\"https:\/\/www.maspares.com\/ca\/#organization\",\"name\":\"Mas Par\u00e9s\",\"alternateName\":\"Mas Par\u00e9s\",\"url\":\"https:\/\/www.maspares.com\/ca\/\",\"logo\":{\"@type\":\"ImageObject\",\"inLanguage\":\"ca\",\"@id\":\"https:\/\/www.maspares.com\/ca\/#\/schema\/logo\/image\/\",\"url\":\"https:\/\/www.maspares.com\/wp-content\/uploads\/2021\/04\/favicon.png\",\"contentUrl\":\"https:\/\/www.maspares.com\/wp-content\/uploads\/2021\/04\/favicon.png\",\"width\":512,\"height\":512,\"caption\":\"Mas Par\u00e9s\"},\"image\":{\"@id\":\"https:\/\/www.maspares.com\/ca\/#\/schema\/logo\/image\/\"},\"sameAs\":[\"https:\/\/www.facebook.com\/mas.pares\",\"https:\/\/www.instagram.com\/maspares\/\",\"https:\/\/www.linkedin.com\/company\/mas-pares\/\",\"https:\/\/www.tiktok.com\/@maspares0\"]}]}<\/script>\n<!-- \/ Yoast SEO plugin. -->","yoast_head_json":{"title":"bloc de foie gras amb Pedro Xim\u00e9nez | Mas Par\u00e9s","description":"Fetge gras d\u2019\u00e0nec amanit, emulsionat i sotm\u00e8s a un tractament t\u00e8rmic de pasteuritzaci\u00f3. Presenta una capa transversal de Pedro Xim\u00e9nez.","robots":{"index":"index","follow":"follow","max-snippet":"max-snippet:-1","max-image-preview":"max-image-preview:large","max-video-preview":"max-video-preview:-1"},"canonical":"https:\/\/www.maspares.com\/ca\/producte\/foiegras-pedroximenez\/","og_locale":"ca_ES","og_type":"article","og_title":"bloc de foie gras amb Pedro Xim\u00e9nez | Mas Par\u00e9s","og_description":"Fetge gras d\u2019\u00e0nec amanit, emulsionat i sotm\u00e8s a un tractament t\u00e8rmic de pasteuritzaci\u00f3. Presenta una capa transversal de Pedro Xim\u00e9nez.","og_url":"https:\/\/www.maspares.com\/ca\/producte\/foiegras-pedroximenez\/","og_site_name":"Mas Par\u00e9s","article_publisher":"https:\/\/www.facebook.com\/mas.pares","article_modified_time":"2025-11-19T21:42:17+00:00","og_image":[{"width":1000,"height":797,"url":"https:\/\/www.maspares.com\/wp-content\/uploads\/2025\/11\/Pedro-Ximenez-esp-scaled-e1763501660607.webp","type":"image\/webp"}],"twitter_card":"summary_large_image","twitter_misc":{"Temps estimat de lectura":"1 minut"},"schema":{"@context":"https:\/\/schema.org","@graph":[{"@type":"WebPage","@id":"https:\/\/www.maspares.com\/ca\/producte\/foiegras-pedroximenez\/","url":"https:\/\/www.maspares.com\/ca\/producte\/foiegras-pedroximenez\/","name":"bloc de foie gras amb Pedro Xim\u00e9nez | Mas Par\u00e9s","isPartOf":{"@id":"https:\/\/www.maspares.com\/ca\/#website"},"primaryImageOfPage":{"@id":"https:\/\/www.maspares.com\/ca\/producte\/foiegras-pedroximenez\/#primaryimage"},"image":{"@id":"https:\/\/www.maspares.com\/ca\/producte\/foiegras-pedroximenez\/#primaryimage"},"thumbnailUrl":"https:\/\/www.maspares.com\/wp-content\/uploads\/2025\/11\/Pedro-Ximenez-esp-scaled-e1763588986933.webp","datePublished":"2025-11-18T20:46:06+00:00","dateModified":"2025-11-19T21:42:17+00:00","description":"Fetge gras d\u2019\u00e0nec amanit, emulsionat i sotm\u00e8s a un tractament t\u00e8rmic de pasteuritzaci\u00f3. Presenta una capa transversal de Pedro Xim\u00e9nez.","breadcrumb":{"@id":"https:\/\/www.maspares.com\/ca\/producte\/foiegras-pedroximenez\/#breadcrumb"},"inLanguage":"ca","potentialAction":[{"@type":"ReadAction","target":["https:\/\/www.maspares.com\/ca\/producte\/foiegras-pedroximenez\/"]}]},{"@type":"ImageObject","inLanguage":"ca","@id":"https:\/\/www.maspares.com\/ca\/producte\/foiegras-pedroximenez\/#primaryimage","url":"https:\/\/www.maspares.com\/wp-content\/uploads\/2025\/11\/Pedro-Ximenez-esp-scaled-e1763588986933.webp","contentUrl":"https:\/\/www.maspares.com\/wp-content\/uploads\/2025\/11\/Pedro-Ximenez-esp-scaled-e1763588986933.webp","width":998,"height":687},{"@type":"BreadcrumbList","@id":"https:\/\/www.maspares.com\/ca\/producte\/foiegras-pedroximenez\/#breadcrumb","itemListElement":[{"@type":"ListItem","position":1,"name":"Portada","item":"https:\/\/www.maspares.com\/ca\/"},{"@type":"ListItem","position":2,"name":"Botiga","item":"https:\/\/www.maspares.com\/ca\/shop\/"},{"@type":"ListItem","position":3,"name":"bloc de foie gras amb Pedro Xim\u00e9nez"}]},{"@type":"WebSite","@id":"https:\/\/www.maspares.com\/ca\/#website","url":"https:\/\/www.maspares.com\/ca\/","name":"Mas Par\u00e9s","description":"Eevando el sabor del Foie Gras desde 1978","publisher":{"@id":"https:\/\/www.maspares.com\/ca\/#organization"},"alternateName":"Mas Par\u00e9s","potentialAction":[{"@type":"SearchAction","target":{"@type":"EntryPoint","urlTemplate":"https:\/\/www.maspares.com\/ca\/?s={search_term_string}"},"query-input":{"@type":"PropertyValueSpecification","valueRequired":true,"valueName":"search_term_string"}}],"inLanguage":"ca"},{"@type":"Organization","@id":"https:\/\/www.maspares.com\/ca\/#organization","name":"Mas Par\u00e9s","alternateName":"Mas Par\u00e9s","url":"https:\/\/www.maspares.com\/ca\/","logo":{"@type":"ImageObject","inLanguage":"ca","@id":"https:\/\/www.maspares.com\/ca\/#\/schema\/logo\/image\/","url":"https:\/\/www.maspares.com\/wp-content\/uploads\/2021\/04\/favicon.png","contentUrl":"https:\/\/www.maspares.com\/wp-content\/uploads\/2021\/04\/favicon.png","width":512,"height":512,"caption":"Mas Par\u00e9s"},"image":{"@id":"https:\/\/www.maspares.com\/ca\/#\/schema\/logo\/image\/"},"sameAs":["https:\/\/www.facebook.com\/mas.pares","https:\/\/www.instagram.com\/maspares\/","https:\/\/www.linkedin.com\/company\/mas-pares\/","https:\/\/www.tiktok.com\/@maspares0"]}]}},"_links":{"self":[{"href":"https:\/\/www.maspares.com\/ca\/wp-json\/wp\/v2\/product\/6228","targetHints":{"allow":["GET"]}}],"collection":[{"href":"https:\/\/www.maspares.com\/ca\/wp-json\/wp\/v2\/product"}],"about":[{"href":"https:\/\/www.maspares.com\/ca\/wp-json\/wp\/v2\/types\/product"}],"wp:featuredmedia":[{"embeddable":true,"href":"https:\/\/www.maspares.com\/ca\/wp-json\/wp\/v2\/media\/6229"}],"wp:attachment":[{"href":"https:\/\/www.maspares.com\/ca\/wp-json\/wp\/v2\/media?parent=6228"}],"wp:term":[{"taxonomy":"product_cat","embeddable":true,"href":"https:\/\/www.maspares.com\/ca\/wp-json\/wp\/v2\/product_cat?post=6228"},{"taxonomy":"product_tag","embeddable":true,"href":"https:\/\/www.maspares.com\/ca\/wp-json\/wp\/v2\/product_tag?post=6228"},{"taxonomy":"giftcard-category","embeddable":true,"href":"https:\/\/www.maspares.com\/ca\/wp-json\/wp\/v2\/giftcard-category?post=6228"}],"curies":[{"name":"wp","href":"https:\/\/api.w.org\/{rel}","templated":true}]}}