{"id":3434,"date":"2024-04-30T12:37:36","date_gmt":"2024-04-30T10:37:36","guid":{"rendered":"https:\/\/www.maspares.com\/producto\/magret-danec-curat\/"},"modified":"2025-09-22T17:15:07","modified_gmt":"2025-09-22T15:15:07","slug":"magret-danec-curat","status":"publish","type":"product","link":"https:\/\/www.maspares.com\/ca\/producte\/magret-danec-curat\/","title":{"rendered":"Magret d&#8217;\u00e0nec curat"},"content":{"rendered":"<p>Magret d&#8217;\u00e0nec curat sencer<\/p>\n<div id=\"gtx-trans\" style=\"position: absolute; left: -10px; top: 48px;\">\n<div class=\"gtx-trans-icon\"><\/div>\n<\/div>\n","protected":false},"excerpt":{"rendered":"<p>Magret d&#8217;\u00e0nec curat sencer<\/p>\n","protected":false},"featured_media":4002,"template":"","meta":{"_acf_changed":false,"neve_meta_sidebar":"","neve_meta_container":"","neve_meta_enable_content_width":"off","neve_meta_content_width":100,"neve_meta_title_alignment":"","neve_meta_author_avatar":"","neve_post_elements_order":"","neve_meta_disable_header":"","neve_meta_disable_footer":"","neve_meta_disable_title":"","_joinchat":[]},"product_cat":[97,113,109,111,54],"product_tag":[],"giftcard-category":[],"class_list":{"0":"post-3434","1":"product","2":"type-product","3":"status-publish","4":"has-post-thumbnail","6":"product_cat-aperitius","7":"product_cat-magret-ca","8":"product_cat-pernil","9":"product_cat-pernil-tallat","10":"product_cat-curats","12":"first","13":"instock","14":"taxable","15":"shipping-taxable","16":"purchasable","17":"product-type-simple"},"acf":[],"yoast_head":"<!-- This site is optimized with the Yoast SEO plugin v26.1.1 - https:\/\/yoast.com\/wordpress\/plugins\/seo\/ -->\n<title>Magret d&#039;\u00e0nec curat | Mas Par\u00e9s<\/title>\n<meta name=\"description\" content=\"Magret d&#039;\u00e0nec curat sencer. Mantenir en refrigeraci\u00f3 entre 0 i 4\u00baC. Magret d&#039;\u00e0nec assaonat, curat i envasat al buit. Retirar de l&#039;env\u00e0s, llescar i consumir.\" \/>\n<meta name=\"robots\" content=\"index, follow, max-snippet:-1, max-image-preview:large, max-video-preview:-1\" \/>\n<link rel=\"canonical\" href=\"https:\/\/www.maspares.com\/ca\/producte\/magret-danec-curat\/\" \/>\n<meta property=\"og:locale\" content=\"ca_ES\" \/>\n<meta property=\"og:type\" content=\"article\" \/>\n<meta property=\"og:title\" content=\"Magret d&#039;\u00e0nec curat | Mas Par\u00e9s\" \/>\n<meta property=\"og:description\" content=\"Magret d&#039;\u00e0nec curat sencer. Mantenir en refrigeraci\u00f3 entre 0 i 4\u00baC. Magret d&#039;\u00e0nec assaonat, curat i envasat al buit. Retirar de l&#039;env\u00e0s, llescar i consumir.\" \/>\n<meta property=\"og:url\" content=\"https:\/\/www.maspares.com\/ca\/producte\/magret-danec-curat\/\" \/>\n<meta property=\"og:site_name\" content=\"Mas Par\u00e9s\" \/>\n<meta property=\"article:publisher\" content=\"https:\/\/www.facebook.com\/mas.pares\" \/>\n<meta property=\"article:modified_time\" content=\"2025-09-22T15:15:07+00:00\" \/>\n<meta property=\"og:image\" content=\"https:\/\/www.maspares.com\/wp-content\/uploads\/2024\/04\/400010-MagretPatoCuradoEntero.jpg\" \/>\n\t<meta property=\"og:image:width\" content=\"1000\" \/>\n\t<meta property=\"og:image:height\" content=\"797\" \/>\n\t<meta property=\"og:image:type\" content=\"image\/jpeg\" \/>\n<meta name=\"twitter:card\" content=\"summary_large_image\" \/>\n<meta name=\"twitter:label1\" content=\"Temps estimat de lectura\" \/>\n\t<meta name=\"twitter:data1\" content=\"1 minut\" \/>\n<script type=\"application\/ld+json\" class=\"yoast-schema-graph\">{\"@context\":\"https:\/\/schema.org\",\"@graph\":[{\"@type\":\"WebPage\",\"@id\":\"https:\/\/www.maspares.com\/ca\/producte\/magret-danec-curat\/\",\"url\":\"https:\/\/www.maspares.com\/ca\/producte\/magret-danec-curat\/\",\"name\":\"Magret d'\u00e0nec curat | Mas Par\u00e9s\",\"isPartOf\":{\"@id\":\"https:\/\/www.maspares.com\/ca\/#website\"},\"primaryImageOfPage\":{\"@id\":\"https:\/\/www.maspares.com\/ca\/producte\/magret-danec-curat\/#primaryimage\"},\"image\":{\"@id\":\"https:\/\/www.maspares.com\/ca\/producte\/magret-danec-curat\/#primaryimage\"},\"thumbnailUrl\":\"https:\/\/www.maspares.com\/wp-content\/uploads\/2024\/04\/400010-MagretPatoCuradoEntero.jpg\",\"datePublished\":\"2024-04-30T10:37:36+00:00\",\"dateModified\":\"2025-09-22T15:15:07+00:00\",\"description\":\"Magret d'\u00e0nec curat sencer. Mantenir en refrigeraci\u00f3 entre 0 i 4\u00baC. Magret d'\u00e0nec assaonat, curat i envasat al buit. Retirar de l'env\u00e0s, llescar i consumir.\",\"breadcrumb\":{\"@id\":\"https:\/\/www.maspares.com\/ca\/producte\/magret-danec-curat\/#breadcrumb\"},\"inLanguage\":\"ca\",\"potentialAction\":[{\"@type\":\"ReadAction\",\"target\":[\"https:\/\/www.maspares.com\/ca\/producte\/magret-danec-curat\/\"]}]},{\"@type\":\"ImageObject\",\"inLanguage\":\"ca\",\"@id\":\"https:\/\/www.maspares.com\/ca\/producte\/magret-danec-curat\/#primaryimage\",\"url\":\"https:\/\/www.maspares.com\/wp-content\/uploads\/2024\/04\/400010-MagretPatoCuradoEntero.jpg\",\"contentUrl\":\"https:\/\/www.maspares.com\/wp-content\/uploads\/2024\/04\/400010-MagretPatoCuradoEntero.jpg\",\"width\":1000,\"height\":797,\"caption\":\"Magret de pato curado entero\"},{\"@type\":\"BreadcrumbList\",\"@id\":\"https:\/\/www.maspares.com\/ca\/producte\/magret-danec-curat\/#breadcrumb\",\"itemListElement\":[{\"@type\":\"ListItem\",\"position\":1,\"name\":\"Portada\",\"item\":\"https:\/\/www.maspares.com\/ca\/\"},{\"@type\":\"ListItem\",\"position\":2,\"name\":\"Botiga\",\"item\":\"https:\/\/www.maspares.com\/ca\/shop\/\"},{\"@type\":\"ListItem\",\"position\":3,\"name\":\"Magret d&#8217;\u00e0nec curat\"}]},{\"@type\":\"WebSite\",\"@id\":\"https:\/\/www.maspares.com\/ca\/#website\",\"url\":\"https:\/\/www.maspares.com\/ca\/\",\"name\":\"Mas Par\u00e9s\",\"description\":\"Eevando el sabor del Foie Gras desde 1978\",\"publisher\":{\"@id\":\"https:\/\/www.maspares.com\/ca\/#organization\"},\"alternateName\":\"Mas Par\u00e9s\",\"potentialAction\":[{\"@type\":\"SearchAction\",\"target\":{\"@type\":\"EntryPoint\",\"urlTemplate\":\"https:\/\/www.maspares.com\/ca\/?s={search_term_string}\"},\"query-input\":{\"@type\":\"PropertyValueSpecification\",\"valueRequired\":true,\"valueName\":\"search_term_string\"}}],\"inLanguage\":\"ca\"},{\"@type\":\"Organization\",\"@id\":\"https:\/\/www.maspares.com\/ca\/#organization\",\"name\":\"Mas Par\u00e9s\",\"alternateName\":\"Mas Par\u00e9s\",\"url\":\"https:\/\/www.maspares.com\/ca\/\",\"logo\":{\"@type\":\"ImageObject\",\"inLanguage\":\"ca\",\"@id\":\"https:\/\/www.maspares.com\/ca\/#\/schema\/logo\/image\/\",\"url\":\"https:\/\/www.maspares.com\/wp-content\/uploads\/2021\/04\/favicon.png\",\"contentUrl\":\"https:\/\/www.maspares.com\/wp-content\/uploads\/2021\/04\/favicon.png\",\"width\":512,\"height\":512,\"caption\":\"Mas Par\u00e9s\"},\"image\":{\"@id\":\"https:\/\/www.maspares.com\/ca\/#\/schema\/logo\/image\/\"},\"sameAs\":[\"https:\/\/www.facebook.com\/mas.pares\",\"https:\/\/www.instagram.com\/maspares\/\",\"https:\/\/www.linkedin.com\/company\/mas-pares\/\",\"https:\/\/www.tiktok.com\/@maspares0\"]}]}<\/script>\n<!-- \/ Yoast SEO plugin. -->","yoast_head_json":{"title":"Magret d'\u00e0nec curat | Mas Par\u00e9s","description":"Magret d'\u00e0nec curat sencer. Mantenir en refrigeraci\u00f3 entre 0 i 4\u00baC. Magret d'\u00e0nec assaonat, curat i envasat al buit. Retirar de l'env\u00e0s, llescar i consumir.","robots":{"index":"index","follow":"follow","max-snippet":"max-snippet:-1","max-image-preview":"max-image-preview:large","max-video-preview":"max-video-preview:-1"},"canonical":"https:\/\/www.maspares.com\/ca\/producte\/magret-danec-curat\/","og_locale":"ca_ES","og_type":"article","og_title":"Magret d'\u00e0nec curat | Mas Par\u00e9s","og_description":"Magret d'\u00e0nec curat sencer. Mantenir en refrigeraci\u00f3 entre 0 i 4\u00baC. Magret d'\u00e0nec assaonat, curat i envasat al buit. Retirar de l'env\u00e0s, llescar i consumir.","og_url":"https:\/\/www.maspares.com\/ca\/producte\/magret-danec-curat\/","og_site_name":"Mas Par\u00e9s","article_publisher":"https:\/\/www.facebook.com\/mas.pares","article_modified_time":"2025-09-22T15:15:07+00:00","og_image":[{"width":1000,"height":797,"url":"https:\/\/www.maspares.com\/wp-content\/uploads\/2024\/04\/400010-MagretPatoCuradoEntero.jpg","type":"image\/jpeg"}],"twitter_card":"summary_large_image","twitter_misc":{"Temps estimat de lectura":"1 minut"},"schema":{"@context":"https:\/\/schema.org","@graph":[{"@type":"WebPage","@id":"https:\/\/www.maspares.com\/ca\/producte\/magret-danec-curat\/","url":"https:\/\/www.maspares.com\/ca\/producte\/magret-danec-curat\/","name":"Magret d'\u00e0nec curat | Mas Par\u00e9s","isPartOf":{"@id":"https:\/\/www.maspares.com\/ca\/#website"},"primaryImageOfPage":{"@id":"https:\/\/www.maspares.com\/ca\/producte\/magret-danec-curat\/#primaryimage"},"image":{"@id":"https:\/\/www.maspares.com\/ca\/producte\/magret-danec-curat\/#primaryimage"},"thumbnailUrl":"https:\/\/www.maspares.com\/wp-content\/uploads\/2024\/04\/400010-MagretPatoCuradoEntero.jpg","datePublished":"2024-04-30T10:37:36+00:00","dateModified":"2025-09-22T15:15:07+00:00","description":"Magret d'\u00e0nec curat sencer. Mantenir en refrigeraci\u00f3 entre 0 i 4\u00baC. Magret d'\u00e0nec assaonat, curat i envasat al buit. Retirar de l'env\u00e0s, llescar i consumir.","breadcrumb":{"@id":"https:\/\/www.maspares.com\/ca\/producte\/magret-danec-curat\/#breadcrumb"},"inLanguage":"ca","potentialAction":[{"@type":"ReadAction","target":["https:\/\/www.maspares.com\/ca\/producte\/magret-danec-curat\/"]}]},{"@type":"ImageObject","inLanguage":"ca","@id":"https:\/\/www.maspares.com\/ca\/producte\/magret-danec-curat\/#primaryimage","url":"https:\/\/www.maspares.com\/wp-content\/uploads\/2024\/04\/400010-MagretPatoCuradoEntero.jpg","contentUrl":"https:\/\/www.maspares.com\/wp-content\/uploads\/2024\/04\/400010-MagretPatoCuradoEntero.jpg","width":1000,"height":797,"caption":"Magret de pato curado entero"},{"@type":"BreadcrumbList","@id":"https:\/\/www.maspares.com\/ca\/producte\/magret-danec-curat\/#breadcrumb","itemListElement":[{"@type":"ListItem","position":1,"name":"Portada","item":"https:\/\/www.maspares.com\/ca\/"},{"@type":"ListItem","position":2,"name":"Botiga","item":"https:\/\/www.maspares.com\/ca\/shop\/"},{"@type":"ListItem","position":3,"name":"Magret d&#8217;\u00e0nec curat"}]},{"@type":"WebSite","@id":"https:\/\/www.maspares.com\/ca\/#website","url":"https:\/\/www.maspares.com\/ca\/","name":"Mas Par\u00e9s","description":"Eevando el sabor del Foie Gras desde 1978","publisher":{"@id":"https:\/\/www.maspares.com\/ca\/#organization"},"alternateName":"Mas Par\u00e9s","potentialAction":[{"@type":"SearchAction","target":{"@type":"EntryPoint","urlTemplate":"https:\/\/www.maspares.com\/ca\/?s={search_term_string}"},"query-input":{"@type":"PropertyValueSpecification","valueRequired":true,"valueName":"search_term_string"}}],"inLanguage":"ca"},{"@type":"Organization","@id":"https:\/\/www.maspares.com\/ca\/#organization","name":"Mas Par\u00e9s","alternateName":"Mas Par\u00e9s","url":"https:\/\/www.maspares.com\/ca\/","logo":{"@type":"ImageObject","inLanguage":"ca","@id":"https:\/\/www.maspares.com\/ca\/#\/schema\/logo\/image\/","url":"https:\/\/www.maspares.com\/wp-content\/uploads\/2021\/04\/favicon.png","contentUrl":"https:\/\/www.maspares.com\/wp-content\/uploads\/2021\/04\/favicon.png","width":512,"height":512,"caption":"Mas Par\u00e9s"},"image":{"@id":"https:\/\/www.maspares.com\/ca\/#\/schema\/logo\/image\/"},"sameAs":["https:\/\/www.facebook.com\/mas.pares","https:\/\/www.instagram.com\/maspares\/","https:\/\/www.linkedin.com\/company\/mas-pares\/","https:\/\/www.tiktok.com\/@maspares0"]}]}},"_links":{"self":[{"href":"https:\/\/www.maspares.com\/ca\/wp-json\/wp\/v2\/product\/3434","targetHints":{"allow":["GET"]}}],"collection":[{"href":"https:\/\/www.maspares.com\/ca\/wp-json\/wp\/v2\/product"}],"about":[{"href":"https:\/\/www.maspares.com\/ca\/wp-json\/wp\/v2\/types\/product"}],"wp:featuredmedia":[{"embeddable":true,"href":"https:\/\/www.maspares.com\/ca\/wp-json\/wp\/v2\/media\/4002"}],"wp:attachment":[{"href":"https:\/\/www.maspares.com\/ca\/wp-json\/wp\/v2\/media?parent=3434"}],"wp:term":[{"taxonomy":"product_cat","embeddable":true,"href":"https:\/\/www.maspares.com\/ca\/wp-json\/wp\/v2\/product_cat?post=3434"},{"taxonomy":"product_tag","embeddable":true,"href":"https:\/\/www.maspares.com\/ca\/wp-json\/wp\/v2\/product_tag?post=3434"},{"taxonomy":"giftcard-category","embeddable":true,"href":"https:\/\/www.maspares.com\/ca\/wp-json\/wp\/v2\/giftcard-category?post=3434"}],"curies":[{"name":"wp","href":"https:\/\/api.w.org\/{rel}","templated":true}]}}