{"id":3432,"date":"2024-04-30T12:30:35","date_gmt":"2024-04-30T10:30:35","guid":{"rendered":"https:\/\/www.maspares.com\/producto\/entier-de-foie-gras-trufat\/"},"modified":"2025-09-22T17:15:31","modified_gmt":"2025-09-22T15:15:31","slug":"entier-de-foie-gras-trufat","status":"publish","type":"product","link":"https:\/\/www.maspares.com\/ca\/producte\/entier-de-foie-gras-trufat\/","title":{"rendered":"Entier de foie gras trufat"},"content":{"rendered":"<p><strong>Foie gras Entier<\/strong> d&#8217;\u00e0nec trufat<\/p>\n","protected":false},"excerpt":{"rendered":"<p>Foie gras Entier d&#8217;\u00e0nec trufat<\/p>\n","protected":false},"featured_media":4008,"template":"","meta":{"_acf_changed":false,"neve_meta_sidebar":"","neve_meta_container":"","neve_meta_enable_content_width":"off","neve_meta_content_width":100,"neve_meta_title_alignment":"","neve_meta_author_avatar":"","neve_post_elements_order":"","neve_meta_disable_header":"","neve_meta_disable_footer":"","neve_meta_disable_title":"","_joinchat":[]},"product_cat":[97,101,105,115,52],"product_tag":[],"giftcard-category":[],"class_list":{"0":"post-3432","1":"product","2":"type-product","3":"status-publish","4":"has-post-thumbnail","6":"product_cat-aperitius","7":"product_cat-celebracions","8":"product_cat-foie-gras-ca","9":"product_cat-micuit-ca","10":"product_cat-entiers-ca","12":"first","13":"instock","14":"taxable","15":"shipping-taxable","16":"purchasable","17":"product-type-simple"},"acf":[],"yoast_head":"<!-- This site is optimized with the Yoast SEO plugin v26.1.1 - https:\/\/yoast.com\/wordpress\/plugins\/seo\/ -->\n<title>Foie gras Entier d&#039;\u00e0nec trufat<\/title>\n<meta name=\"description\" content=\"Foie gras Entier d&#039;\u00e0nec trufat. El producte ha de mantenir-se en refrigeraci\u00f3. Un cop obert consumir immediatament.\" \/>\n<meta name=\"robots\" content=\"index, follow, max-snippet:-1, max-image-preview:large, max-video-preview:-1\" \/>\n<link rel=\"canonical\" href=\"https:\/\/www.maspares.com\/ca\/producte\/entier-de-foie-gras-trufat\/\" \/>\n<meta property=\"og:locale\" content=\"ca_ES\" \/>\n<meta property=\"og:type\" content=\"article\" \/>\n<meta property=\"og:title\" content=\"Foie gras Entier d&#039;\u00e0nec trufat\" \/>\n<meta property=\"og:description\" content=\"Foie gras Entier d&#039;\u00e0nec trufat. El producte ha de mantenir-se en refrigeraci\u00f3. Un cop obert consumir immediatament.\" \/>\n<meta property=\"og:url\" content=\"https:\/\/www.maspares.com\/ca\/producte\/entier-de-foie-gras-trufat\/\" \/>\n<meta property=\"og:site_name\" content=\"Mas Par\u00e9s\" \/>\n<meta property=\"article:publisher\" content=\"https:\/\/www.facebook.com\/mas.pares\" \/>\n<meta property=\"article:modified_time\" content=\"2025-09-22T15:15:31+00:00\" \/>\n<meta property=\"og:image\" content=\"https:\/\/www.maspares.com\/wp-content\/uploads\/2024\/04\/219110-FoieGrasEntierMicuitPatoTrufado.jpg\" \/>\n\t<meta property=\"og:image:width\" content=\"1000\" \/>\n\t<meta property=\"og:image:height\" content=\"797\" \/>\n\t<meta property=\"og:image:type\" content=\"image\/jpeg\" \/>\n<meta name=\"twitter:card\" content=\"summary_large_image\" \/>\n<meta name=\"twitter:label1\" content=\"Temps estimat de lectura\" \/>\n\t<meta name=\"twitter:data1\" content=\"1 minut\" \/>\n<script type=\"application\/ld+json\" class=\"yoast-schema-graph\">{\"@context\":\"https:\/\/schema.org\",\"@graph\":[{\"@type\":\"WebPage\",\"@id\":\"https:\/\/www.maspares.com\/ca\/producte\/entier-de-foie-gras-trufat\/\",\"url\":\"https:\/\/www.maspares.com\/ca\/producte\/entier-de-foie-gras-trufat\/\",\"name\":\"Foie gras Entier d'\u00e0nec trufat\",\"isPartOf\":{\"@id\":\"https:\/\/www.maspares.com\/ca\/#website\"},\"primaryImageOfPage\":{\"@id\":\"https:\/\/www.maspares.com\/ca\/producte\/entier-de-foie-gras-trufat\/#primaryimage\"},\"image\":{\"@id\":\"https:\/\/www.maspares.com\/ca\/producte\/entier-de-foie-gras-trufat\/#primaryimage\"},\"thumbnailUrl\":\"https:\/\/www.maspares.com\/wp-content\/uploads\/2024\/04\/219110-FoieGrasEntierMicuitPatoTrufado.jpg\",\"datePublished\":\"2024-04-30T10:30:35+00:00\",\"dateModified\":\"2025-09-22T15:15:31+00:00\",\"description\":\"Foie gras Entier d'\u00e0nec trufat. El producte ha de mantenir-se en refrigeraci\u00f3. Un cop obert consumir immediatament.\",\"breadcrumb\":{\"@id\":\"https:\/\/www.maspares.com\/ca\/producte\/entier-de-foie-gras-trufat\/#breadcrumb\"},\"inLanguage\":\"ca\",\"potentialAction\":[{\"@type\":\"ReadAction\",\"target\":[\"https:\/\/www.maspares.com\/ca\/producte\/entier-de-foie-gras-trufat\/\"]}]},{\"@type\":\"ImageObject\",\"inLanguage\":\"ca\",\"@id\":\"https:\/\/www.maspares.com\/ca\/producte\/entier-de-foie-gras-trufat\/#primaryimage\",\"url\":\"https:\/\/www.maspares.com\/wp-content\/uploads\/2024\/04\/219110-FoieGrasEntierMicuitPatoTrufado.jpg\",\"contentUrl\":\"https:\/\/www.maspares.com\/wp-content\/uploads\/2024\/04\/219110-FoieGrasEntierMicuitPatoTrufado.jpg\",\"width\":1000,\"height\":797,\"caption\":\"Foie Gras Entier de pato trufado\"},{\"@type\":\"BreadcrumbList\",\"@id\":\"https:\/\/www.maspares.com\/ca\/producte\/entier-de-foie-gras-trufat\/#breadcrumb\",\"itemListElement\":[{\"@type\":\"ListItem\",\"position\":1,\"name\":\"Portada\",\"item\":\"https:\/\/www.maspares.com\/ca\/\"},{\"@type\":\"ListItem\",\"position\":2,\"name\":\"Botiga\",\"item\":\"https:\/\/www.maspares.com\/ca\/shop\/\"},{\"@type\":\"ListItem\",\"position\":3,\"name\":\"Entier de foie gras trufat\"}]},{\"@type\":\"WebSite\",\"@id\":\"https:\/\/www.maspares.com\/ca\/#website\",\"url\":\"https:\/\/www.maspares.com\/ca\/\",\"name\":\"Mas Par\u00e9s\",\"description\":\"Eevando el sabor del Foie Gras desde 1978\",\"publisher\":{\"@id\":\"https:\/\/www.maspares.com\/ca\/#organization\"},\"alternateName\":\"Mas Par\u00e9s\",\"potentialAction\":[{\"@type\":\"SearchAction\",\"target\":{\"@type\":\"EntryPoint\",\"urlTemplate\":\"https:\/\/www.maspares.com\/ca\/?s={search_term_string}\"},\"query-input\":{\"@type\":\"PropertyValueSpecification\",\"valueRequired\":true,\"valueName\":\"search_term_string\"}}],\"inLanguage\":\"ca\"},{\"@type\":\"Organization\",\"@id\":\"https:\/\/www.maspares.com\/ca\/#organization\",\"name\":\"Mas Par\u00e9s\",\"alternateName\":\"Mas Par\u00e9s\",\"url\":\"https:\/\/www.maspares.com\/ca\/\",\"logo\":{\"@type\":\"ImageObject\",\"inLanguage\":\"ca\",\"@id\":\"https:\/\/www.maspares.com\/ca\/#\/schema\/logo\/image\/\",\"url\":\"https:\/\/www.maspares.com\/wp-content\/uploads\/2021\/04\/favicon.png\",\"contentUrl\":\"https:\/\/www.maspares.com\/wp-content\/uploads\/2021\/04\/favicon.png\",\"width\":512,\"height\":512,\"caption\":\"Mas Par\u00e9s\"},\"image\":{\"@id\":\"https:\/\/www.maspares.com\/ca\/#\/schema\/logo\/image\/\"},\"sameAs\":[\"https:\/\/www.facebook.com\/mas.pares\",\"https:\/\/www.instagram.com\/maspares\/\",\"https:\/\/www.linkedin.com\/company\/mas-pares\/\",\"https:\/\/www.tiktok.com\/@maspares0\"]}]}<\/script>\n<!-- \/ Yoast SEO plugin. -->","yoast_head_json":{"title":"Foie gras Entier d'\u00e0nec trufat","description":"Foie gras Entier d'\u00e0nec trufat. El producte ha de mantenir-se en refrigeraci\u00f3. Un cop obert consumir immediatament.","robots":{"index":"index","follow":"follow","max-snippet":"max-snippet:-1","max-image-preview":"max-image-preview:large","max-video-preview":"max-video-preview:-1"},"canonical":"https:\/\/www.maspares.com\/ca\/producte\/entier-de-foie-gras-trufat\/","og_locale":"ca_ES","og_type":"article","og_title":"Foie gras Entier d'\u00e0nec trufat","og_description":"Foie gras Entier d'\u00e0nec trufat. El producte ha de mantenir-se en refrigeraci\u00f3. Un cop obert consumir immediatament.","og_url":"https:\/\/www.maspares.com\/ca\/producte\/entier-de-foie-gras-trufat\/","og_site_name":"Mas Par\u00e9s","article_publisher":"https:\/\/www.facebook.com\/mas.pares","article_modified_time":"2025-09-22T15:15:31+00:00","og_image":[{"width":1000,"height":797,"url":"https:\/\/www.maspares.com\/wp-content\/uploads\/2024\/04\/219110-FoieGrasEntierMicuitPatoTrufado.jpg","type":"image\/jpeg"}],"twitter_card":"summary_large_image","twitter_misc":{"Temps estimat de lectura":"1 minut"},"schema":{"@context":"https:\/\/schema.org","@graph":[{"@type":"WebPage","@id":"https:\/\/www.maspares.com\/ca\/producte\/entier-de-foie-gras-trufat\/","url":"https:\/\/www.maspares.com\/ca\/producte\/entier-de-foie-gras-trufat\/","name":"Foie gras Entier d'\u00e0nec trufat","isPartOf":{"@id":"https:\/\/www.maspares.com\/ca\/#website"},"primaryImageOfPage":{"@id":"https:\/\/www.maspares.com\/ca\/producte\/entier-de-foie-gras-trufat\/#primaryimage"},"image":{"@id":"https:\/\/www.maspares.com\/ca\/producte\/entier-de-foie-gras-trufat\/#primaryimage"},"thumbnailUrl":"https:\/\/www.maspares.com\/wp-content\/uploads\/2024\/04\/219110-FoieGrasEntierMicuitPatoTrufado.jpg","datePublished":"2024-04-30T10:30:35+00:00","dateModified":"2025-09-22T15:15:31+00:00","description":"Foie gras Entier d'\u00e0nec trufat. El producte ha de mantenir-se en refrigeraci\u00f3. Un cop obert consumir immediatament.","breadcrumb":{"@id":"https:\/\/www.maspares.com\/ca\/producte\/entier-de-foie-gras-trufat\/#breadcrumb"},"inLanguage":"ca","potentialAction":[{"@type":"ReadAction","target":["https:\/\/www.maspares.com\/ca\/producte\/entier-de-foie-gras-trufat\/"]}]},{"@type":"ImageObject","inLanguage":"ca","@id":"https:\/\/www.maspares.com\/ca\/producte\/entier-de-foie-gras-trufat\/#primaryimage","url":"https:\/\/www.maspares.com\/wp-content\/uploads\/2024\/04\/219110-FoieGrasEntierMicuitPatoTrufado.jpg","contentUrl":"https:\/\/www.maspares.com\/wp-content\/uploads\/2024\/04\/219110-FoieGrasEntierMicuitPatoTrufado.jpg","width":1000,"height":797,"caption":"Foie Gras Entier de pato trufado"},{"@type":"BreadcrumbList","@id":"https:\/\/www.maspares.com\/ca\/producte\/entier-de-foie-gras-trufat\/#breadcrumb","itemListElement":[{"@type":"ListItem","position":1,"name":"Portada","item":"https:\/\/www.maspares.com\/ca\/"},{"@type":"ListItem","position":2,"name":"Botiga","item":"https:\/\/www.maspares.com\/ca\/shop\/"},{"@type":"ListItem","position":3,"name":"Entier de foie gras trufat"}]},{"@type":"WebSite","@id":"https:\/\/www.maspares.com\/ca\/#website","url":"https:\/\/www.maspares.com\/ca\/","name":"Mas Par\u00e9s","description":"Eevando el sabor del Foie Gras desde 1978","publisher":{"@id":"https:\/\/www.maspares.com\/ca\/#organization"},"alternateName":"Mas Par\u00e9s","potentialAction":[{"@type":"SearchAction","target":{"@type":"EntryPoint","urlTemplate":"https:\/\/www.maspares.com\/ca\/?s={search_term_string}"},"query-input":{"@type":"PropertyValueSpecification","valueRequired":true,"valueName":"search_term_string"}}],"inLanguage":"ca"},{"@type":"Organization","@id":"https:\/\/www.maspares.com\/ca\/#organization","name":"Mas Par\u00e9s","alternateName":"Mas Par\u00e9s","url":"https:\/\/www.maspares.com\/ca\/","logo":{"@type":"ImageObject","inLanguage":"ca","@id":"https:\/\/www.maspares.com\/ca\/#\/schema\/logo\/image\/","url":"https:\/\/www.maspares.com\/wp-content\/uploads\/2021\/04\/favicon.png","contentUrl":"https:\/\/www.maspares.com\/wp-content\/uploads\/2021\/04\/favicon.png","width":512,"height":512,"caption":"Mas Par\u00e9s"},"image":{"@id":"https:\/\/www.maspares.com\/ca\/#\/schema\/logo\/image\/"},"sameAs":["https:\/\/www.facebook.com\/mas.pares","https:\/\/www.instagram.com\/maspares\/","https:\/\/www.linkedin.com\/company\/mas-pares\/","https:\/\/www.tiktok.com\/@maspares0"]}]}},"_links":{"self":[{"href":"https:\/\/www.maspares.com\/ca\/wp-json\/wp\/v2\/product\/3432","targetHints":{"allow":["GET"]}}],"collection":[{"href":"https:\/\/www.maspares.com\/ca\/wp-json\/wp\/v2\/product"}],"about":[{"href":"https:\/\/www.maspares.com\/ca\/wp-json\/wp\/v2\/types\/product"}],"wp:featuredmedia":[{"embeddable":true,"href":"https:\/\/www.maspares.com\/ca\/wp-json\/wp\/v2\/media\/4008"}],"wp:attachment":[{"href":"https:\/\/www.maspares.com\/ca\/wp-json\/wp\/v2\/media?parent=3432"}],"wp:term":[{"taxonomy":"product_cat","embeddable":true,"href":"https:\/\/www.maspares.com\/ca\/wp-json\/wp\/v2\/product_cat?post=3432"},{"taxonomy":"product_tag","embeddable":true,"href":"https:\/\/www.maspares.com\/ca\/wp-json\/wp\/v2\/product_tag?post=3432"},{"taxonomy":"giftcard-category","embeddable":true,"href":"https:\/\/www.maspares.com\/ca\/wp-json\/wp\/v2\/giftcard-category?post=3432"}],"curies":[{"name":"wp","href":"https:\/\/api.w.org\/{rel}","templated":true}]}}