{"id":3430,"date":"2024-04-30T12:07:08","date_gmt":"2024-04-30T10:07:08","guid":{"rendered":"https:\/\/www.maspares.com\/producto\/piramide-de-foie-gras\/"},"modified":"2025-12-11T12:02:05","modified_gmt":"2025-12-11T11:02:05","slug":"piramide-de-foie-gras","status":"publish","type":"product","link":"https:\/\/www.maspares.com\/ca\/producte\/piramide-de-foie-gras\/","title":{"rendered":"Pir\u00e0mide de foie gras"},"content":{"rendered":"<p>Pir\u00e0mide de bloc de <strong>foie gras d&#8217;\u00e0nec<\/strong><\/p>\n","protected":false},"excerpt":{"rendered":"<p>Pir\u00e0mide de bloc de foie gras d&#8217;\u00e0nec<\/p>\n","protected":false},"featured_media":6046,"template":"","meta":{"_acf_changed":false,"neve_meta_sidebar":"","neve_meta_container":"","neve_meta_enable_content_width":"off","neve_meta_content_width":100,"neve_meta_title_alignment":"","neve_meta_author_avatar":"","neve_post_elements_order":"","neve_meta_disable_header":"","neve_meta_disable_footer":"","neve_meta_disable_title":"","_joinchat":[]},"product_cat":[95,97,99,101,105,56,51],"product_tag":[],"giftcard-category":[],"class_list":{"0":"post-3430","1":"product","2":"type-product","3":"status-publish","4":"has-post-thumbnail","6":"product_cat-alta-gastronomia-ca","7":"product_cat-aperitius","8":"product_cat-bloc-ca","9":"product_cat-celebracions","10":"product_cat-foie-gras-ca","11":"product_cat-conserves","12":"product_cat-piramides-ca","14":"first","15":"instock","16":"taxable","17":"shipping-taxable","18":"purchasable","19":"product-type-simple"},"acf":[],"yoast_head":"<!-- This site is optimized with the Yoast SEO plugin v26.1.1 - https:\/\/yoast.com\/wordpress\/plugins\/seo\/ -->\n<title>Pir\u00e0mide de foie gras | Mas Par\u00e9s<\/title>\n<meta name=\"description\" content=\"Pir\u00e0mide de bloc de foie gras d&#039;\u00e0nec. S&#039;ha de conservar en lloc fresc i sec. Un cop obert, mantenir en refrigeraci\u00f3 i consumir en 24 h.\" \/>\n<meta name=\"robots\" content=\"index, follow, max-snippet:-1, max-image-preview:large, max-video-preview:-1\" \/>\n<link rel=\"canonical\" href=\"https:\/\/www.maspares.com\/ca\/producte\/piramide-de-foie-gras\/\" \/>\n<meta property=\"og:locale\" content=\"ca_ES\" \/>\n<meta property=\"og:type\" content=\"article\" \/>\n<meta property=\"og:title\" content=\"Pir\u00e0mide de foie gras | Mas Par\u00e9s\" \/>\n<meta property=\"og:description\" content=\"Pir\u00e0mide de bloc de foie gras d&#039;\u00e0nec. S&#039;ha de conservar en lloc fresc i sec. Un cop obert, mantenir en refrigeraci\u00f3 i consumir en 24 h.\" \/>\n<meta property=\"og:url\" content=\"https:\/\/www.maspares.com\/ca\/producte\/piramide-de-foie-gras\/\" \/>\n<meta property=\"og:site_name\" content=\"Mas Par\u00e9s\" \/>\n<meta property=\"article:publisher\" content=\"https:\/\/www.facebook.com\/mas.pares\" \/>\n<meta property=\"article:modified_time\" content=\"2025-12-11T11:02:05+00:00\" \/>\n<meta property=\"og:image\" content=\"https:\/\/www.maspares.com\/wp-content\/uploads\/2024\/04\/13-515708-PiramideFoieGrasPato-_DSC5804-mCFalkyphoto-Web-2048px150px-copy-1-1-scaled.jpg\" \/>\n\t<meta property=\"og:image:width\" content=\"1976\" \/>\n\t<meta property=\"og:image:height\" content=\"2560\" \/>\n\t<meta property=\"og:image:type\" content=\"image\/jpeg\" \/>\n<meta name=\"twitter:card\" content=\"summary_large_image\" \/>\n<meta name=\"twitter:label1\" content=\"Temps estimat de lectura\" \/>\n\t<meta name=\"twitter:data1\" content=\"1 minut\" \/>\n<script type=\"application\/ld+json\" class=\"yoast-schema-graph\">{\"@context\":\"https:\/\/schema.org\",\"@graph\":[{\"@type\":\"WebPage\",\"@id\":\"https:\/\/www.maspares.com\/ca\/producte\/piramide-de-foie-gras\/\",\"url\":\"https:\/\/www.maspares.com\/ca\/producte\/piramide-de-foie-gras\/\",\"name\":\"Pir\u00e0mide de foie gras | Mas Par\u00e9s\",\"isPartOf\":{\"@id\":\"https:\/\/www.maspares.com\/ca\/#website\"},\"primaryImageOfPage\":{\"@id\":\"https:\/\/www.maspares.com\/ca\/producte\/piramide-de-foie-gras\/#primaryimage\"},\"image\":{\"@id\":\"https:\/\/www.maspares.com\/ca\/producte\/piramide-de-foie-gras\/#primaryimage\"},\"thumbnailUrl\":\"https:\/\/www.maspares.com\/wp-content\/uploads\/2024\/04\/13-515708-PiramideFoieGrasPato-_DSC5804-mCFalkyphoto-Web-2048px150px-copy-1-1-scaled.jpg\",\"datePublished\":\"2024-04-30T10:07:08+00:00\",\"dateModified\":\"2025-12-11T11:02:05+00:00\",\"description\":\"Pir\u00e0mide de bloc de foie gras d'\u00e0nec. S'ha de conservar en lloc fresc i sec. Un cop obert, mantenir en refrigeraci\u00f3 i consumir en 24 h.\",\"breadcrumb\":{\"@id\":\"https:\/\/www.maspares.com\/ca\/producte\/piramide-de-foie-gras\/#breadcrumb\"},\"inLanguage\":\"ca\",\"potentialAction\":[{\"@type\":\"ReadAction\",\"target\":[\"https:\/\/www.maspares.com\/ca\/producte\/piramide-de-foie-gras\/\"]}]},{\"@type\":\"ImageObject\",\"inLanguage\":\"ca\",\"@id\":\"https:\/\/www.maspares.com\/ca\/producte\/piramide-de-foie-gras\/#primaryimage\",\"url\":\"https:\/\/www.maspares.com\/wp-content\/uploads\/2024\/04\/13-515708-PiramideFoieGrasPato-_DSC5804-mCFalkyphoto-Web-2048px150px-copy-1-1-scaled.jpg\",\"contentUrl\":\"https:\/\/www.maspares.com\/wp-content\/uploads\/2024\/04\/13-515708-PiramideFoieGrasPato-_DSC5804-mCFalkyphoto-Web-2048px150px-copy-1-1-scaled.jpg\",\"width\":1976,\"height\":2560},{\"@type\":\"BreadcrumbList\",\"@id\":\"https:\/\/www.maspares.com\/ca\/producte\/piramide-de-foie-gras\/#breadcrumb\",\"itemListElement\":[{\"@type\":\"ListItem\",\"position\":1,\"name\":\"Portada\",\"item\":\"https:\/\/www.maspares.com\/ca\/\"},{\"@type\":\"ListItem\",\"position\":2,\"name\":\"Botiga\",\"item\":\"https:\/\/www.maspares.com\/ca\/shop\/\"},{\"@type\":\"ListItem\",\"position\":3,\"name\":\"Pir\u00e0mide de foie gras\"}]},{\"@type\":\"WebSite\",\"@id\":\"https:\/\/www.maspares.com\/ca\/#website\",\"url\":\"https:\/\/www.maspares.com\/ca\/\",\"name\":\"Mas Par\u00e9s\",\"description\":\"Eevando el sabor del Foie Gras desde 1978\",\"publisher\":{\"@id\":\"https:\/\/www.maspares.com\/ca\/#organization\"},\"alternateName\":\"Mas Par\u00e9s\",\"potentialAction\":[{\"@type\":\"SearchAction\",\"target\":{\"@type\":\"EntryPoint\",\"urlTemplate\":\"https:\/\/www.maspares.com\/ca\/?s={search_term_string}\"},\"query-input\":{\"@type\":\"PropertyValueSpecification\",\"valueRequired\":true,\"valueName\":\"search_term_string\"}}],\"inLanguage\":\"ca\"},{\"@type\":\"Organization\",\"@id\":\"https:\/\/www.maspares.com\/ca\/#organization\",\"name\":\"Mas Par\u00e9s\",\"alternateName\":\"Mas Par\u00e9s\",\"url\":\"https:\/\/www.maspares.com\/ca\/\",\"logo\":{\"@type\":\"ImageObject\",\"inLanguage\":\"ca\",\"@id\":\"https:\/\/www.maspares.com\/ca\/#\/schema\/logo\/image\/\",\"url\":\"https:\/\/www.maspares.com\/wp-content\/uploads\/2021\/04\/favicon.png\",\"contentUrl\":\"https:\/\/www.maspares.com\/wp-content\/uploads\/2021\/04\/favicon.png\",\"width\":512,\"height\":512,\"caption\":\"Mas Par\u00e9s\"},\"image\":{\"@id\":\"https:\/\/www.maspares.com\/ca\/#\/schema\/logo\/image\/\"},\"sameAs\":[\"https:\/\/www.facebook.com\/mas.pares\",\"https:\/\/www.instagram.com\/maspares\/\",\"https:\/\/www.linkedin.com\/company\/mas-pares\/\",\"https:\/\/www.tiktok.com\/@maspares0\"]}]}<\/script>\n<!-- \/ Yoast SEO plugin. -->","yoast_head_json":{"title":"Pir\u00e0mide de foie gras | Mas Par\u00e9s","description":"Pir\u00e0mide de bloc de foie gras d'\u00e0nec. S'ha de conservar en lloc fresc i sec. Un cop obert, mantenir en refrigeraci\u00f3 i consumir en 24 h.","robots":{"index":"index","follow":"follow","max-snippet":"max-snippet:-1","max-image-preview":"max-image-preview:large","max-video-preview":"max-video-preview:-1"},"canonical":"https:\/\/www.maspares.com\/ca\/producte\/piramide-de-foie-gras\/","og_locale":"ca_ES","og_type":"article","og_title":"Pir\u00e0mide de foie gras | Mas Par\u00e9s","og_description":"Pir\u00e0mide de bloc de foie gras d'\u00e0nec. S'ha de conservar en lloc fresc i sec. Un cop obert, mantenir en refrigeraci\u00f3 i consumir en 24 h.","og_url":"https:\/\/www.maspares.com\/ca\/producte\/piramide-de-foie-gras\/","og_site_name":"Mas Par\u00e9s","article_publisher":"https:\/\/www.facebook.com\/mas.pares","article_modified_time":"2025-12-11T11:02:05+00:00","og_image":[{"width":1976,"height":2560,"url":"https:\/\/www.maspares.com\/wp-content\/uploads\/2024\/04\/13-515708-PiramideFoieGrasPato-_DSC5804-mCFalkyphoto-Web-2048px150px-copy-1-1-scaled.jpg","type":"image\/jpeg"}],"twitter_card":"summary_large_image","twitter_misc":{"Temps estimat de lectura":"1 minut"},"schema":{"@context":"https:\/\/schema.org","@graph":[{"@type":"WebPage","@id":"https:\/\/www.maspares.com\/ca\/producte\/piramide-de-foie-gras\/","url":"https:\/\/www.maspares.com\/ca\/producte\/piramide-de-foie-gras\/","name":"Pir\u00e0mide de foie gras | Mas Par\u00e9s","isPartOf":{"@id":"https:\/\/www.maspares.com\/ca\/#website"},"primaryImageOfPage":{"@id":"https:\/\/www.maspares.com\/ca\/producte\/piramide-de-foie-gras\/#primaryimage"},"image":{"@id":"https:\/\/www.maspares.com\/ca\/producte\/piramide-de-foie-gras\/#primaryimage"},"thumbnailUrl":"https:\/\/www.maspares.com\/wp-content\/uploads\/2024\/04\/13-515708-PiramideFoieGrasPato-_DSC5804-mCFalkyphoto-Web-2048px150px-copy-1-1-scaled.jpg","datePublished":"2024-04-30T10:07:08+00:00","dateModified":"2025-12-11T11:02:05+00:00","description":"Pir\u00e0mide de bloc de foie gras d'\u00e0nec. S'ha de conservar en lloc fresc i sec. Un cop obert, mantenir en refrigeraci\u00f3 i consumir en 24 h.","breadcrumb":{"@id":"https:\/\/www.maspares.com\/ca\/producte\/piramide-de-foie-gras\/#breadcrumb"},"inLanguage":"ca","potentialAction":[{"@type":"ReadAction","target":["https:\/\/www.maspares.com\/ca\/producte\/piramide-de-foie-gras\/"]}]},{"@type":"ImageObject","inLanguage":"ca","@id":"https:\/\/www.maspares.com\/ca\/producte\/piramide-de-foie-gras\/#primaryimage","url":"https:\/\/www.maspares.com\/wp-content\/uploads\/2024\/04\/13-515708-PiramideFoieGrasPato-_DSC5804-mCFalkyphoto-Web-2048px150px-copy-1-1-scaled.jpg","contentUrl":"https:\/\/www.maspares.com\/wp-content\/uploads\/2024\/04\/13-515708-PiramideFoieGrasPato-_DSC5804-mCFalkyphoto-Web-2048px150px-copy-1-1-scaled.jpg","width":1976,"height":2560},{"@type":"BreadcrumbList","@id":"https:\/\/www.maspares.com\/ca\/producte\/piramide-de-foie-gras\/#breadcrumb","itemListElement":[{"@type":"ListItem","position":1,"name":"Portada","item":"https:\/\/www.maspares.com\/ca\/"},{"@type":"ListItem","position":2,"name":"Botiga","item":"https:\/\/www.maspares.com\/ca\/shop\/"},{"@type":"ListItem","position":3,"name":"Pir\u00e0mide de foie gras"}]},{"@type":"WebSite","@id":"https:\/\/www.maspares.com\/ca\/#website","url":"https:\/\/www.maspares.com\/ca\/","name":"Mas Par\u00e9s","description":"Eevando el sabor del Foie Gras desde 1978","publisher":{"@id":"https:\/\/www.maspares.com\/ca\/#organization"},"alternateName":"Mas Par\u00e9s","potentialAction":[{"@type":"SearchAction","target":{"@type":"EntryPoint","urlTemplate":"https:\/\/www.maspares.com\/ca\/?s={search_term_string}"},"query-input":{"@type":"PropertyValueSpecification","valueRequired":true,"valueName":"search_term_string"}}],"inLanguage":"ca"},{"@type":"Organization","@id":"https:\/\/www.maspares.com\/ca\/#organization","name":"Mas Par\u00e9s","alternateName":"Mas Par\u00e9s","url":"https:\/\/www.maspares.com\/ca\/","logo":{"@type":"ImageObject","inLanguage":"ca","@id":"https:\/\/www.maspares.com\/ca\/#\/schema\/logo\/image\/","url":"https:\/\/www.maspares.com\/wp-content\/uploads\/2021\/04\/favicon.png","contentUrl":"https:\/\/www.maspares.com\/wp-content\/uploads\/2021\/04\/favicon.png","width":512,"height":512,"caption":"Mas Par\u00e9s"},"image":{"@id":"https:\/\/www.maspares.com\/ca\/#\/schema\/logo\/image\/"},"sameAs":["https:\/\/www.facebook.com\/mas.pares","https:\/\/www.instagram.com\/maspares\/","https:\/\/www.linkedin.com\/company\/mas-pares\/","https:\/\/www.tiktok.com\/@maspares0"]}]}},"_links":{"self":[{"href":"https:\/\/www.maspares.com\/ca\/wp-json\/wp\/v2\/product\/3430","targetHints":{"allow":["GET"]}}],"collection":[{"href":"https:\/\/www.maspares.com\/ca\/wp-json\/wp\/v2\/product"}],"about":[{"href":"https:\/\/www.maspares.com\/ca\/wp-json\/wp\/v2\/types\/product"}],"wp:featuredmedia":[{"embeddable":true,"href":"https:\/\/www.maspares.com\/ca\/wp-json\/wp\/v2\/media\/6046"}],"wp:attachment":[{"href":"https:\/\/www.maspares.com\/ca\/wp-json\/wp\/v2\/media?parent=3430"}],"wp:term":[{"taxonomy":"product_cat","embeddable":true,"href":"https:\/\/www.maspares.com\/ca\/wp-json\/wp\/v2\/product_cat?post=3430"},{"taxonomy":"product_tag","embeddable":true,"href":"https:\/\/www.maspares.com\/ca\/wp-json\/wp\/v2\/product_tag?post=3430"},{"taxonomy":"giftcard-category","embeddable":true,"href":"https:\/\/www.maspares.com\/ca\/wp-json\/wp\/v2\/giftcard-category?post=3430"}],"curies":[{"name":"wp","href":"https:\/\/api.w.org\/{rel}","templated":true}]}}