{"id":3541,"date":"2021-04-21T07:39:55","date_gmt":"2021-04-21T05:39:55","guid":{"rendered":"https:\/\/www.maspares.com\/politica-de-privadesa\/"},"modified":"2024-08-07T12:58:59","modified_gmt":"2024-08-07T10:58:59","slug":"politica-de-privadesa","status":"publish","type":"page","link":"https:\/\/www.maspares.com\/ca\/politica-de-privadesa\/","title":{"rendered":"Pol\u00edtica de privadesa"},"content":{"rendered":"\t\t<div data-elementor-type=\"wp-page\" data-elementor-id=\"3541\" class=\"elementor elementor-3541 elementor-3\" data-elementor-post-type=\"page\">\n\t\t\t\t\t\t<section class=\"elementor-section elementor-top-section elementor-element elementor-element-4bb98640 elementor-section-boxed elementor-section-height-default elementor-section-height-default\" data-id=\"4bb98640\" data-element_type=\"section\" data-settings=\"{&quot;background_background&quot;:&quot;classic&quot;}\">\n\t\t\t\t\t\t<div class=\"elementor-container elementor-column-gap-default\">\n\t\t\t\t\t<div class=\"elementor-column elementor-col-100 elementor-top-column elementor-element elementor-element-7bb97935\" data-id=\"7bb97935\" data-element_type=\"column\">\n\t\t\t<div class=\"elementor-widget-wrap elementor-element-populated\">\n\t\t\t\t\t\t<div class=\"elementor-element elementor-element-6f2e159 elementor-widget elementor-widget-heading\" data-id=\"6f2e159\" data-element_type=\"widget\" data-widget_type=\"heading.default\">\n\t\t\t\t<div class=\"elementor-widget-container\">\n\t\t\t\t\t<h1 class=\"elementor-heading-title elementor-size-default\">Pol\u00edtica de privadesa<\/h1>\t\t\t\t<\/div>\n\t\t\t\t<\/div>\n\t\t\t\t<div class=\"elementor-element elementor-element-55ef91f8 elementor-widget elementor-widget-text-editor\" data-id=\"55ef91f8\" data-element_type=\"widget\" data-widget_type=\"text-editor.default\">\n\t\t\t\t<div class=\"elementor-widget-container\">\n\t\t\t\t\t\t\t\t\t\n<p><strong>Reglamento General de Protecci\u00f3n de Datos (RGDP) &#8211; Diciembre de 2018.<\/strong><br><br>Le informamos que los datos personales de nuestros clientes ser\u00e1n tratados de conformidad con la legislaci\u00f3n vigente en materia de protecci\u00f3n de datos personales, la privacidad de los usuarios y el secreto y seguridad de los datos personales, de conformidad con lo establecido en Ley Org\u00e1nica 3\/2018, de 5 de diciembre, de Protecci\u00f3n de Datos Personales y garant\u00eda de los derechos digitales (LOPD-GDD) y en el Reglamento (UE) 2016\/679 del Parlamento Europeo y del Consejo de 27 de abril de 2016 relativo a la protecci\u00f3n de las personas f\u00edsicas en lo que respecta al tratamiento de datos personales (RGPD).<\/p>\n<p><br>A fin de cumplir con el mencionado Reglamento, hemos actualizado nuestra Pol\u00edtica de Privacidad:<br><br>Responsable: SANTIAGO DE VILALLONGA GINJAUME con NIF B17165515<br><br>Finalidad del tratamiento: tratamos la informaci\u00f3n que nos facilita con el fin de prestarles el servicio solicitado y enviarles comunicaciones relativas al contenido de nuestros productos y servicios.<br><br><\/p>\n<ul>\n<li>Procedencia y categor\u00eda de datos tratados: los datos personales que trataremos son sus datos identificativos que usted nos facilite a trav\u00e9s del formulario de registro que encontrar\u00e1 en nuestro sitio web.<br><br>\n<ul>\n<li> Tiempo de conservaci\u00f3n: los datos proporcionados se conservar\u00e1n mientras se mantenga la relaci\u00f3n comercial o durante los a\u00f1os necesarios para cumplir con las obligaciones legales.<\/li>\n<li>Legitimaci\u00f3n: tratamos sus datos s\u00f3lo si contamos con su consentimiento expreso e informado para hacerlo, y siempre conforme a las finalidades descritas.<br><br><\/li>\n<\/ul>\n<\/li>\n<li>Destinatarios: los datos que usted nos facilite no se ceder\u00e1n a terceros salvo en los casos en que exista una obligaci\u00f3n legal.<br><br>Si bien, para llevar a cabo determinadas funciones necesarias para la prestaci\u00f3n del servicio, sus datos pueden ser tratados por terceros que actuar\u00e1n como encargados de tratamiento y que estar\u00e1n obligados contractualmente a cumplir con sus obligaciones legales de encargado de tratamiento, a mantener la confidencialidad y secreto de la informaci\u00f3n.<\/li>\n<\/ul>\n<p> <\/p>\n<ul>\n<li>Derechos: usted es titular de los siguientes derechos sobre sus datos de car\u00e1cter personal:<\/li>\n<li>Derecho a solicitar el acceso a los datos personales.<\/li>\n<li>Derecho a solicitar su rectificaci\u00f3n o supresi\u00f3n.<\/li>\n<li>Derecho a solicitar la limitaci\u00f3n u oposici\u00f3n de su tratamiento.<\/li>\n<li>Revocaci\u00f3n del consentimiento prestado.<\/li>\n<li>Derecho a la portabilidad de sus datos<br><br><\/li>\n<\/ul>\n<p>Para el ejercicio de los derechos deber\u00e1 dirigirnos una comunicaci\u00f3n escrita a trav\u00e9s de correo electr\u00f3nico a la direcci\u00f3n pedidos@maspares.com especificando el derecho que desea ejercitar. <br><br>Asimismo, le informamos que puede usted solicitar la tutela de sus derechos ante la Agencia Espa\u00f1ola de Protecci\u00f3n de Datos con sede en la Calle de Jorge Juan, 6, 28001 Madrid. <\/p>\n\t\t\t\t\t\t\t\t<\/div>\n\t\t\t\t<\/div>\n\t\t\t\t\t<\/div>\n\t\t<\/div>\n\t\t\t\t\t<\/div>\n\t\t<\/section>\n\t\t<div class=\"elementor-element elementor-element-f2a1080 e-con-full e-flex e-con e-parent\" data-id=\"f2a1080\" data-element_type=\"container\" data-settings=\"{&quot;background_background&quot;:&quot;classic&quot;}\">\n\t\t\t\t<div class=\"elementor-element elementor-element-8eed0d3 elementor-widget elementor-widget-qi_addons_for_elementor_text_marquee\" data-id=\"8eed0d3\" data-element_type=\"widget\" data-widget_type=\"qi_addons_for_elementor_text_marquee.default\">\n\t\t\t\t<div class=\"elementor-widget-container\">\n\t\t\t\t\t<div class=\"qodef-shortcode qodef-m qodef-qi-text-marquee qodef-layout--default\">\n\t<div class=\"qodef-m-content\">\n\t\t<div class=\"qodef-m-text qodef-text--original\">\n\t\t\t\t\t\t\t<span class=\"qodef-m-text-item elementor-repeater-item-3007ef3\" >En Mas Par\u00e9s, creemos en la <span style=\"color:#C5AE8B54\">innovaci\u00f3n<\/span> desde nuestros or\u00edgenes para garantizar la m\u00e1xima calidad.<\/span>\n\t\t\t\t\t\t\t\t\t<\/div>\n\t\t<div class=\"qodef-m-text qodef-text--copy\">\n\t\t\t\t\t\t\t<span class=\"qodef-m-text-item elementor-repeater-item-3007ef3\" >En Mas Par\u00e9s, creemos en la <span style=\"color:#C5AE8B54\">innovaci\u00f3n<\/span> desde nuestros or\u00edgenes para garantizar la m\u00e1xima calidad.<\/span>\n\t\t\t\t\t\t\t\t\t<\/div>\n\t<\/div>\n<\/div>\n\t\t\t\t<\/div>\n\t\t\t\t<\/div>\n\t\t\t\t<\/div>\n\t\t\t\t<\/div>\n\t\t","protected":false},"excerpt":{"rendered":"<p>Pol\u00edtica de privadesa Reglamento General de Protecci\u00f3n de Datos (RGDP) &#8211; Diciembre de 2018. Le informamos que los datos personales de nuestros clientes ser\u00e1n tratados de conformidad con la legislaci\u00f3n vigente en materia de protecci\u00f3n de datos personales, la privacidad de los usuarios y el secreto y seguridad de los datos personales, de conformidad con&hellip;&nbsp;<a href=\"https:\/\/www.maspares.com\/ca\/politica-de-privadesa\/\" rel=\"bookmark\"><span class=\"screen-reader-text\">Pol\u00edtica de privadesa<\/span><\/a><\/p>\n","protected":false},"author":1,"featured_media":0,"parent":0,"menu_order":0,"comment_status":"closed","ping_status":"closed","template":"elementor_header_footer","meta":{"_acf_changed":false,"neve_meta_sidebar":"","neve_meta_container":"","neve_meta_enable_content_width":"off","neve_meta_content_width":100,"neve_meta_title_alignment":"","neve_meta_author_avatar":"","neve_post_elements_order":"","neve_meta_disable_header":"","neve_meta_disable_footer":"","neve_meta_disable_title":"","_joinchat":[],"footnotes":""},"class_list":["post-3541","page","type-page","status-publish","hentry"],"acf":[],"yoast_head":"<!-- This site is optimized with the Yoast SEO plugin v26.1.1 - https:\/\/yoast.com\/wordpress\/plugins\/seo\/ -->\n<title>Pol\u00edtica de privadesa | Mas Par\u00e9s<\/title>\n<meta name=\"robots\" content=\"noindex, follow\" \/>\n<meta property=\"og:locale\" content=\"ca_ES\" \/>\n<meta property=\"og:type\" content=\"article\" \/>\n<meta property=\"og:title\" content=\"Pol\u00edtica de privadesa | Mas Par\u00e9s\" \/>\n<meta property=\"og:description\" content=\"Pol\u00edtica de privadesa Reglamento General de Protecci\u00f3n de Datos (RGDP) &#8211; Diciembre de 2018. Le informamos que los datos personales de nuestros clientes ser\u00e1n tratados de conformidad con la legislaci\u00f3n vigente en materia de protecci\u00f3n de datos personales, la privacidad de los usuarios y el secreto y seguridad de los datos personales, de conformidad con&hellip;&nbsp;Pol\u00edtica de privadesa\" \/>\n<meta property=\"og:url\" content=\"https:\/\/www.maspares.com\/ca\/politica-de-privadesa\/\" \/>\n<meta property=\"og:site_name\" content=\"Mas Par\u00e9s\" \/>\n<meta property=\"article:publisher\" content=\"https:\/\/www.facebook.com\/mas.pares\" \/>\n<meta property=\"article:modified_time\" content=\"2024-08-07T10:58:59+00:00\" \/>\n<meta property=\"og:image\" content=\"https:\/\/www.maspares.com\/wp-content\/uploads\/2024\/10\/MasPares.jpg\" \/>\n\t<meta property=\"og:image:width\" content=\"1280\" \/>\n\t<meta property=\"og:image:height\" content=\"720\" \/>\n\t<meta property=\"og:image:type\" content=\"image\/jpeg\" \/>\n<meta name=\"twitter:card\" content=\"summary_large_image\" \/>\n<meta name=\"twitter:label1\" content=\"Temps estimat de lectura\" \/>\n\t<meta name=\"twitter:data1\" content=\"2 minuts\" \/>\n<script type=\"application\/ld+json\" class=\"yoast-schema-graph\">{\"@context\":\"https:\/\/schema.org\",\"@graph\":[{\"@type\":\"WebPage\",\"@id\":\"https:\/\/www.maspares.com\/ca\/politica-de-privadesa\/\",\"url\":\"https:\/\/www.maspares.com\/ca\/politica-de-privadesa\/\",\"name\":\"Pol\u00edtica de privadesa | Mas Par\u00e9s\",\"isPartOf\":{\"@id\":\"https:\/\/www.maspares.com\/ca\/#website\"},\"datePublished\":\"2021-04-21T05:39:55+00:00\",\"dateModified\":\"2024-08-07T10:58:59+00:00\",\"breadcrumb\":{\"@id\":\"https:\/\/www.maspares.com\/ca\/politica-de-privadesa\/#breadcrumb\"},\"inLanguage\":\"ca\",\"potentialAction\":[{\"@type\":\"ReadAction\",\"target\":[\"https:\/\/www.maspares.com\/ca\/politica-de-privadesa\/\"]}]},{\"@type\":\"BreadcrumbList\",\"@id\":\"https:\/\/www.maspares.com\/ca\/politica-de-privadesa\/#breadcrumb\",\"itemListElement\":[{\"@type\":\"ListItem\",\"position\":1,\"name\":\"Portada\",\"item\":\"https:\/\/www.maspares.com\/ca\/\"},{\"@type\":\"ListItem\",\"position\":2,\"name\":\"Pol\u00edtica de privadesa\"}]},{\"@type\":\"WebSite\",\"@id\":\"https:\/\/www.maspares.com\/ca\/#website\",\"url\":\"https:\/\/www.maspares.com\/ca\/\",\"name\":\"Mas Par\u00e9s\",\"description\":\"Eevando el sabor del Foie Gras desde 1978\",\"publisher\":{\"@id\":\"https:\/\/www.maspares.com\/ca\/#organization\"},\"alternateName\":\"Mas Par\u00e9s\",\"potentialAction\":[{\"@type\":\"SearchAction\",\"target\":{\"@type\":\"EntryPoint\",\"urlTemplate\":\"https:\/\/www.maspares.com\/ca\/?s={search_term_string}\"},\"query-input\":{\"@type\":\"PropertyValueSpecification\",\"valueRequired\":true,\"valueName\":\"search_term_string\"}}],\"inLanguage\":\"ca\"},{\"@type\":\"Organization\",\"@id\":\"https:\/\/www.maspares.com\/ca\/#organization\",\"name\":\"Mas Par\u00e9s\",\"alternateName\":\"Mas Par\u00e9s\",\"url\":\"https:\/\/www.maspares.com\/ca\/\",\"logo\":{\"@type\":\"ImageObject\",\"inLanguage\":\"ca\",\"@id\":\"https:\/\/www.maspares.com\/ca\/#\/schema\/logo\/image\/\",\"url\":\"https:\/\/www.maspares.com\/wp-content\/uploads\/2021\/04\/favicon.png\",\"contentUrl\":\"https:\/\/www.maspares.com\/wp-content\/uploads\/2021\/04\/favicon.png\",\"width\":512,\"height\":512,\"caption\":\"Mas Par\u00e9s\"},\"image\":{\"@id\":\"https:\/\/www.maspares.com\/ca\/#\/schema\/logo\/image\/\"},\"sameAs\":[\"https:\/\/www.facebook.com\/mas.pares\",\"https:\/\/www.instagram.com\/maspares\/\",\"https:\/\/www.linkedin.com\/company\/mas-pares\/\",\"https:\/\/www.tiktok.com\/@maspares0\"]}]}<\/script>\n<!-- \/ Yoast SEO plugin. -->","yoast_head_json":{"title":"Pol\u00edtica de privadesa | Mas Par\u00e9s","robots":{"index":"noindex","follow":"follow"},"og_locale":"ca_ES","og_type":"article","og_title":"Pol\u00edtica de privadesa | Mas Par\u00e9s","og_description":"Pol\u00edtica de privadesa Reglamento General de Protecci\u00f3n de Datos (RGDP) &#8211; Diciembre de 2018. Le informamos que los datos personales de nuestros clientes ser\u00e1n tratados de conformidad con la legislaci\u00f3n vigente en materia de protecci\u00f3n de datos personales, la privacidad de los usuarios y el secreto y seguridad de los datos personales, de conformidad con&hellip;&nbsp;Pol\u00edtica de privadesa","og_url":"https:\/\/www.maspares.com\/ca\/politica-de-privadesa\/","og_site_name":"Mas Par\u00e9s","article_publisher":"https:\/\/www.facebook.com\/mas.pares","article_modified_time":"2024-08-07T10:58:59+00:00","og_image":[{"width":1280,"height":720,"url":"https:\/\/www.maspares.com\/wp-content\/uploads\/2024\/10\/MasPares.jpg","type":"image\/jpeg"}],"twitter_card":"summary_large_image","twitter_misc":{"Temps estimat de lectura":"2 minuts"},"schema":{"@context":"https:\/\/schema.org","@graph":[{"@type":"WebPage","@id":"https:\/\/www.maspares.com\/ca\/politica-de-privadesa\/","url":"https:\/\/www.maspares.com\/ca\/politica-de-privadesa\/","name":"Pol\u00edtica de privadesa | Mas Par\u00e9s","isPartOf":{"@id":"https:\/\/www.maspares.com\/ca\/#website"},"datePublished":"2021-04-21T05:39:55+00:00","dateModified":"2024-08-07T10:58:59+00:00","breadcrumb":{"@id":"https:\/\/www.maspares.com\/ca\/politica-de-privadesa\/#breadcrumb"},"inLanguage":"ca","potentialAction":[{"@type":"ReadAction","target":["https:\/\/www.maspares.com\/ca\/politica-de-privadesa\/"]}]},{"@type":"BreadcrumbList","@id":"https:\/\/www.maspares.com\/ca\/politica-de-privadesa\/#breadcrumb","itemListElement":[{"@type":"ListItem","position":1,"name":"Portada","item":"https:\/\/www.maspares.com\/ca\/"},{"@type":"ListItem","position":2,"name":"Pol\u00edtica de privadesa"}]},{"@type":"WebSite","@id":"https:\/\/www.maspares.com\/ca\/#website","url":"https:\/\/www.maspares.com\/ca\/","name":"Mas Par\u00e9s","description":"Eevando el sabor del Foie Gras desde 1978","publisher":{"@id":"https:\/\/www.maspares.com\/ca\/#organization"},"alternateName":"Mas Par\u00e9s","potentialAction":[{"@type":"SearchAction","target":{"@type":"EntryPoint","urlTemplate":"https:\/\/www.maspares.com\/ca\/?s={search_term_string}"},"query-input":{"@type":"PropertyValueSpecification","valueRequired":true,"valueName":"search_term_string"}}],"inLanguage":"ca"},{"@type":"Organization","@id":"https:\/\/www.maspares.com\/ca\/#organization","name":"Mas Par\u00e9s","alternateName":"Mas Par\u00e9s","url":"https:\/\/www.maspares.com\/ca\/","logo":{"@type":"ImageObject","inLanguage":"ca","@id":"https:\/\/www.maspares.com\/ca\/#\/schema\/logo\/image\/","url":"https:\/\/www.maspares.com\/wp-content\/uploads\/2021\/04\/favicon.png","contentUrl":"https:\/\/www.maspares.com\/wp-content\/uploads\/2021\/04\/favicon.png","width":512,"height":512,"caption":"Mas Par\u00e9s"},"image":{"@id":"https:\/\/www.maspares.com\/ca\/#\/schema\/logo\/image\/"},"sameAs":["https:\/\/www.facebook.com\/mas.pares","https:\/\/www.instagram.com\/maspares\/","https:\/\/www.linkedin.com\/company\/mas-pares\/","https:\/\/www.tiktok.com\/@maspares0"]}]}},"_links":{"self":[{"href":"https:\/\/www.maspares.com\/ca\/wp-json\/wp\/v2\/pages\/3541","targetHints":{"allow":["GET"]}}],"collection":[{"href":"https:\/\/www.maspares.com\/ca\/wp-json\/wp\/v2\/pages"}],"about":[{"href":"https:\/\/www.maspares.com\/ca\/wp-json\/wp\/v2\/types\/page"}],"author":[{"embeddable":true,"href":"https:\/\/www.maspares.com\/ca\/wp-json\/wp\/v2\/users\/1"}],"replies":[{"embeddable":true,"href":"https:\/\/www.maspares.com\/ca\/wp-json\/wp\/v2\/comments?post=3541"}],"version-history":[{"count":3,"href":"https:\/\/www.maspares.com\/ca\/wp-json\/wp\/v2\/pages\/3541\/revisions"}],"predecessor-version":[{"id":3544,"href":"https:\/\/www.maspares.com\/ca\/wp-json\/wp\/v2\/pages\/3541\/revisions\/3544"}],"wp:attachment":[{"href":"https:\/\/www.maspares.com\/ca\/wp-json\/wp\/v2\/media?parent=3541"}],"curies":[{"name":"wp","href":"https:\/\/api.w.org\/{rel}","templated":true}]}}