{"id":3082,"date":"2024-02-02T13:15:41","date_gmt":"2024-02-02T12:15:41","guid":{"rendered":"https:\/\/www.maspares.com\/my-account\/"},"modified":"2025-11-19T12:55:51","modified_gmt":"2025-11-19T11:55:51","slug":"el-meu-compte","status":"publish","type":"page","link":"https:\/\/www.maspares.com\/ca\/el-meu-compte\/","title":{"rendered":"El meu compte"},"content":{"rendered":"\t\t<div data-elementor-type=\"wp-page\" data-elementor-id=\"3082\" class=\"elementor elementor-3082 elementor-237\" data-elementor-post-type=\"page\">\n\t\t\t\t<div class=\"elementor-element elementor-element-4d9b19 e-flex e-con-boxed e-con e-parent\" data-id=\"4d9b19\" data-element_type=\"container\">\n\t\t\t\t\t<div class=\"e-con-inner\">\n\t\t\t\t<div class=\"elementor-element elementor-element-b057e5d e-my-account-tabs-vertical elementor-widget elementor-widget-woocommerce-my-account\" data-id=\"b057e5d\" data-element_type=\"widget\" data-widget_type=\"woocommerce-my-account.default\">\n\t\t\t\t<div class=\"elementor-widget-container\">\n\t\t\t\t\t<div class=\"e-my-account-tab e-my-account-tab__ \">\t\t\t<div class=\"woocommerce\"><div class=\"woocommerce-notices-wrapper\"><\/div>\n\n<div class=\"u-columns col2-set\" id=\"customer_login\">\n\n\t<div class=\"u-column1 col-1\">\n\n\n\t\t<h2>Inicia una sessi\u00f3<\/h2>\n\n\t\t<form class=\"woocommerce-form woocommerce-form-login login\" method=\"post\">\n\n\t\t\t\n\t\t\t<p class=\"woocommerce-form-row woocommerce-form-row--wide form-row form-row-wide\">\n\t\t\t\t<label for=\"username\">Nom d&#039;usuari o adre\u00e7a electr\u00f2nica&nbsp;<span class=\"required\">*<\/span><\/label>\n\t\t\t\t<input type=\"text\" class=\"woocommerce-Input woocommerce-Input--text input-text\" name=\"username\" id=\"username\" autocomplete=\"username\" value=\"\" \/>\t\t\t<\/p>\n\t\t\t<p class=\"woocommerce-form-row woocommerce-form-row--wide form-row form-row-wide\">\n\t\t\t\t<label for=\"password\">Contrasenya&nbsp;<span class=\"required\">*<\/span><\/label>\n\t\t\t\t<input class=\"woocommerce-Input woocommerce-Input--text input-text\" type=\"password\" name=\"password\" id=\"password\" autocomplete=\"current-password\" \/>\n\t\t\t<\/p>\n\n\t\t\t<div class=\"cf-turnstile-wrap\" style=\"padding:10px 0 10px 0\"><div id=\"woo_recaptcha_1\" class=\"cf-turnstile aios-wc-captcha\" data-sitekey=\"0x4AAAAAACIFbS3u3JBXgKq8\" data-theme=\"auto\"><\/div><\/div>\n\t\t\t<p class=\"form-row\">\n\t\t\t\t<label class=\"woocommerce-form__label woocommerce-form__label-for-checkbox woocommerce-form-login__rememberme\">\n\t\t\t\t\t<input class=\"woocommerce-form__input woocommerce-form__input-checkbox\" name=\"rememberme\" type=\"checkbox\" id=\"rememberme\" value=\"forever\" \/> <span>Recorda&#039;m<\/span>\n\t\t\t\t<\/label>\n\t\t\t\t<input type=\"hidden\" id=\"woocommerce-login-nonce\" name=\"woocommerce-login-nonce\" value=\"ddfe3c3d50\" \/><input type=\"hidden\" name=\"_wp_http_referer\" value=\"\/ca\/wp-json\/wp\/v2\/pages\/3082\" \/>\t\t\t\t<button type=\"submit\" class=\"woocommerce-button button woocommerce-form-login__submit\" name=\"login\" value=\"Entra\">Entra<\/button>\n\t\t\t<\/p>\n\t\t\t<p class=\"woocommerce-LostPassword lost_password\">\n\t\t\t\t<a href=\"https:\/\/www.maspares.com\/ca\/el-meu-compte\/lost-password\/\">Heu perdut la vostra contrasenya?<\/a>\n\t\t\t<\/p>\n\n\t\t\t\n\t\t<\/form>\n\n\n\t<\/div>\n\n\t<div class=\"u-column2 col-2\">\n\n\t\t<h2>Registra<\/h2>\n\n\t\t<form method=\"post\" class=\"woocommerce-form woocommerce-form-register register\"  >\n\n\t\t\t\n\t\t\t\n\t\t\t<p class=\"woocommerce-form-row woocommerce-form-row--wide form-row form-row-wide\">\n\t\t\t\t<label for=\"reg_email\">Adre\u00e7a electr\u00f2nica&nbsp;<span class=\"required\">*<\/span><\/label>\n\t\t\t\t<input type=\"email\" class=\"woocommerce-Input woocommerce-Input--text input-text\" name=\"email\" id=\"reg_email\" autocomplete=\"email\" value=\"\" \/>\t\t\t<\/p>\n\n\t\t\t\n\t\t\t\t<p>S&#039;enviar\u00e0 un enlla\u00e7 per establir una nova contrasenya a la vostra adre\u00e7a electr\u00f2nica.<\/p>\n\n\t\t\t\n\t\t\t<wc-order-attribution-inputs><\/wc-order-attribution-inputs><div class=\"cf-turnstile-wrap\" style=\"padding:10px 0 10px 0\"><div id=\"woo_recaptcha_2\" class=\"cf-turnstile aios-wc-captcha\" data-sitekey=\"0x4AAAAAACIFbS3u3JBXgKq8\" data-theme=\"auto\"><\/div><\/div><div class=\"woocommerce-privacy-policy-text\"><p>Tus datos personales se utilizar\u00e1n para procesar tu pedido, mejorar tu experiencia en esta web, gestionar el acceso a tu cuenta y otros prop\u00f3sitos descritos en nuestra <a href=\"https:\/\/www.maspares.com\/politica-de-privacidad\/\" class=\"woocommerce-privacy-policy-link\" target=\"_blank\">pol\u00edtica de privadesa<\/a>.<\/p>\n<\/div>\n\t\t\t<p class=\"woocommerce-form-row form-row\">\n\t\t\t\t<input type=\"hidden\" id=\"woocommerce-register-nonce\" name=\"woocommerce-register-nonce\" value=\"90f11b9792\" \/><input type=\"hidden\" name=\"_wp_http_referer\" value=\"\/ca\/wp-json\/wp\/v2\/pages\/3082\" \/>\t\t\t\t<button type=\"submit\" class=\"woocommerce-Button woocommerce-button button woocommerce-form-register__submit\" name=\"register\" value=\"Registra\">Registra<\/button>\n\t\t\t<\/p>\n\n\t\t\t\n\t\t<\/form>\n\n\t<\/div>\n\n<\/div>\n\n<\/div>\t\t<\/div>\n\t\t\t\t\t\t<\/div>\n\t\t\t\t<\/div>\n\t\t\t\t\t<\/div>\n\t\t\t\t<\/div>\n\t\t\t\t<\/div>\n\t\t","protected":false},"excerpt":{"rendered":"<p>Escriptori Comandes Tarjetas regalo Desc\u00e0rregues Adreces Detalls del compte Tancar sessi\u00f3 Hola neorg_US (\u00bfno eres neorg_US? Cerrar sesi\u00f3n) Desde el escritorio de tu cuenta puedes ver tus pedidos recientes, gestionar tus direcciones de env\u00edo y facturaci\u00f3n y editar tu contrase\u00f1a y los detalles de tu cuenta.<\/p>\n","protected":false},"author":1,"featured_media":0,"parent":0,"menu_order":0,"comment_status":"closed","ping_status":"closed","template":"elementor_header_footer","meta":{"_acf_changed":false,"neve_meta_sidebar":"","neve_meta_container":"","neve_meta_enable_content_width":"off","neve_meta_content_width":100,"neve_meta_title_alignment":"","neve_meta_author_avatar":"","neve_post_elements_order":"","neve_meta_disable_header":"","neve_meta_disable_footer":"","neve_meta_disable_title":"","_joinchat":[],"footnotes":""},"class_list":["post-3082","page","type-page","status-publish","hentry"],"acf":[],"yoast_head":"<!-- This site is optimized with the Yoast SEO plugin v26.1.1 - https:\/\/yoast.com\/wordpress\/plugins\/seo\/ -->\n<title>El meu compte | Mas Par\u00e9s<\/title>\n<meta name=\"robots\" content=\"noindex, follow\" \/>\n<meta property=\"og:locale\" content=\"ca_ES\" \/>\n<meta property=\"og:type\" content=\"article\" \/>\n<meta property=\"og:title\" content=\"El meu compte | Mas Par\u00e9s\" \/>\n<meta property=\"og:description\" content=\"Escriptori Comandes Tarjetas regalo Desc\u00e0rregues Adreces Detalls del compte Tancar sessi\u00f3 Hola neorg_US (\u00bfno eres neorg_US? Cerrar sesi\u00f3n) Desde el escritorio de tu cuenta puedes ver tus pedidos recientes, gestionar tus direcciones de env\u00edo y facturaci\u00f3n y editar tu contrase\u00f1a y los detalles de tu cuenta.\" \/>\n<meta property=\"og:url\" content=\"https:\/\/www.maspares.com\/ca\/el-meu-compte\/\" \/>\n<meta property=\"og:site_name\" content=\"Mas Par\u00e9s\" \/>\n<meta property=\"article:publisher\" content=\"https:\/\/www.facebook.com\/mas.pares\" \/>\n<meta property=\"article:modified_time\" content=\"2025-11-19T11:55:51+00:00\" \/>\n<meta property=\"og:image\" content=\"https:\/\/www.maspares.com\/wp-content\/uploads\/2024\/10\/MasPares.jpg\" \/>\n\t<meta property=\"og:image:width\" content=\"1280\" \/>\n\t<meta property=\"og:image:height\" content=\"720\" \/>\n\t<meta property=\"og:image:type\" content=\"image\/jpeg\" \/>\n<meta name=\"twitter:card\" content=\"summary_large_image\" \/>\n<script type=\"application\/ld+json\" class=\"yoast-schema-graph\">{\"@context\":\"https:\/\/schema.org\",\"@graph\":[{\"@type\":\"WebPage\",\"@id\":\"https:\/\/www.maspares.com\/ca\/el-meu-compte\/\",\"url\":\"https:\/\/www.maspares.com\/ca\/el-meu-compte\/\",\"name\":\"El meu compte | Mas Par\u00e9s\",\"isPartOf\":{\"@id\":\"https:\/\/www.maspares.com\/ca\/#website\"},\"datePublished\":\"2024-02-02T12:15:41+00:00\",\"dateModified\":\"2025-11-19T11:55:51+00:00\",\"breadcrumb\":{\"@id\":\"https:\/\/www.maspares.com\/ca\/el-meu-compte\/#breadcrumb\"},\"inLanguage\":\"ca\",\"potentialAction\":[{\"@type\":\"ReadAction\",\"target\":[\"https:\/\/www.maspares.com\/ca\/el-meu-compte\/\"]}]},{\"@type\":\"BreadcrumbList\",\"@id\":\"https:\/\/www.maspares.com\/ca\/el-meu-compte\/#breadcrumb\",\"itemListElement\":[{\"@type\":\"ListItem\",\"position\":1,\"name\":\"Portada\",\"item\":\"https:\/\/www.maspares.com\/ca\/\"},{\"@type\":\"ListItem\",\"position\":2,\"name\":\"El meu compte\"}]},{\"@type\":\"WebSite\",\"@id\":\"https:\/\/www.maspares.com\/ca\/#website\",\"url\":\"https:\/\/www.maspares.com\/ca\/\",\"name\":\"Mas Par\u00e9s\",\"description\":\"Eevando el sabor del Foie Gras desde 1978\",\"publisher\":{\"@id\":\"https:\/\/www.maspares.com\/ca\/#organization\"},\"alternateName\":\"Mas Par\u00e9s\",\"potentialAction\":[{\"@type\":\"SearchAction\",\"target\":{\"@type\":\"EntryPoint\",\"urlTemplate\":\"https:\/\/www.maspares.com\/ca\/?s={search_term_string}\"},\"query-input\":{\"@type\":\"PropertyValueSpecification\",\"valueRequired\":true,\"valueName\":\"search_term_string\"}}],\"inLanguage\":\"ca\"},{\"@type\":\"Organization\",\"@id\":\"https:\/\/www.maspares.com\/ca\/#organization\",\"name\":\"Mas Par\u00e9s\",\"alternateName\":\"Mas Par\u00e9s\",\"url\":\"https:\/\/www.maspares.com\/ca\/\",\"logo\":{\"@type\":\"ImageObject\",\"inLanguage\":\"ca\",\"@id\":\"https:\/\/www.maspares.com\/ca\/#\/schema\/logo\/image\/\",\"url\":\"https:\/\/www.maspares.com\/wp-content\/uploads\/2021\/04\/favicon.png\",\"contentUrl\":\"https:\/\/www.maspares.com\/wp-content\/uploads\/2021\/04\/favicon.png\",\"width\":512,\"height\":512,\"caption\":\"Mas Par\u00e9s\"},\"image\":{\"@id\":\"https:\/\/www.maspares.com\/ca\/#\/schema\/logo\/image\/\"},\"sameAs\":[\"https:\/\/www.facebook.com\/mas.pares\",\"https:\/\/www.instagram.com\/maspares\/\",\"https:\/\/www.linkedin.com\/company\/mas-pares\/\",\"https:\/\/www.tiktok.com\/@maspares0\"]}]}<\/script>\n<!-- \/ Yoast SEO plugin. -->","yoast_head_json":{"title":"El meu compte | Mas Par\u00e9s","robots":{"index":"noindex","follow":"follow"},"og_locale":"ca_ES","og_type":"article","og_title":"El meu compte | Mas Par\u00e9s","og_description":"Escriptori Comandes Tarjetas regalo Desc\u00e0rregues Adreces Detalls del compte Tancar sessi\u00f3 Hola neorg_US (\u00bfno eres neorg_US? Cerrar sesi\u00f3n) Desde el escritorio de tu cuenta puedes ver tus pedidos recientes, gestionar tus direcciones de env\u00edo y facturaci\u00f3n y editar tu contrase\u00f1a y los detalles de tu cuenta.","og_url":"https:\/\/www.maspares.com\/ca\/el-meu-compte\/","og_site_name":"Mas Par\u00e9s","article_publisher":"https:\/\/www.facebook.com\/mas.pares","article_modified_time":"2025-11-19T11:55:51+00:00","og_image":[{"width":1280,"height":720,"url":"https:\/\/www.maspares.com\/wp-content\/uploads\/2024\/10\/MasPares.jpg","type":"image\/jpeg"}],"twitter_card":"summary_large_image","schema":{"@context":"https:\/\/schema.org","@graph":[{"@type":"WebPage","@id":"https:\/\/www.maspares.com\/ca\/el-meu-compte\/","url":"https:\/\/www.maspares.com\/ca\/el-meu-compte\/","name":"El meu compte | Mas Par\u00e9s","isPartOf":{"@id":"https:\/\/www.maspares.com\/ca\/#website"},"datePublished":"2024-02-02T12:15:41+00:00","dateModified":"2025-11-19T11:55:51+00:00","breadcrumb":{"@id":"https:\/\/www.maspares.com\/ca\/el-meu-compte\/#breadcrumb"},"inLanguage":"ca","potentialAction":[{"@type":"ReadAction","target":["https:\/\/www.maspares.com\/ca\/el-meu-compte\/"]}]},{"@type":"BreadcrumbList","@id":"https:\/\/www.maspares.com\/ca\/el-meu-compte\/#breadcrumb","itemListElement":[{"@type":"ListItem","position":1,"name":"Portada","item":"https:\/\/www.maspares.com\/ca\/"},{"@type":"ListItem","position":2,"name":"El meu compte"}]},{"@type":"WebSite","@id":"https:\/\/www.maspares.com\/ca\/#website","url":"https:\/\/www.maspares.com\/ca\/","name":"Mas Par\u00e9s","description":"Eevando el sabor del Foie Gras desde 1978","publisher":{"@id":"https:\/\/www.maspares.com\/ca\/#organization"},"alternateName":"Mas Par\u00e9s","potentialAction":[{"@type":"SearchAction","target":{"@type":"EntryPoint","urlTemplate":"https:\/\/www.maspares.com\/ca\/?s={search_term_string}"},"query-input":{"@type":"PropertyValueSpecification","valueRequired":true,"valueName":"search_term_string"}}],"inLanguage":"ca"},{"@type":"Organization","@id":"https:\/\/www.maspares.com\/ca\/#organization","name":"Mas Par\u00e9s","alternateName":"Mas Par\u00e9s","url":"https:\/\/www.maspares.com\/ca\/","logo":{"@type":"ImageObject","inLanguage":"ca","@id":"https:\/\/www.maspares.com\/ca\/#\/schema\/logo\/image\/","url":"https:\/\/www.maspares.com\/wp-content\/uploads\/2021\/04\/favicon.png","contentUrl":"https:\/\/www.maspares.com\/wp-content\/uploads\/2021\/04\/favicon.png","width":512,"height":512,"caption":"Mas Par\u00e9s"},"image":{"@id":"https:\/\/www.maspares.com\/ca\/#\/schema\/logo\/image\/"},"sameAs":["https:\/\/www.facebook.com\/mas.pares","https:\/\/www.instagram.com\/maspares\/","https:\/\/www.linkedin.com\/company\/mas-pares\/","https:\/\/www.tiktok.com\/@maspares0"]}]}},"_links":{"self":[{"href":"https:\/\/www.maspares.com\/ca\/wp-json\/wp\/v2\/pages\/3082","targetHints":{"allow":["GET"]}}],"collection":[{"href":"https:\/\/www.maspares.com\/ca\/wp-json\/wp\/v2\/pages"}],"about":[{"href":"https:\/\/www.maspares.com\/ca\/wp-json\/wp\/v2\/types\/page"}],"author":[{"embeddable":true,"href":"https:\/\/www.maspares.com\/ca\/wp-json\/wp\/v2\/users\/1"}],"replies":[{"embeddable":true,"href":"https:\/\/www.maspares.com\/ca\/wp-json\/wp\/v2\/comments?post=3082"}],"version-history":[{"count":3,"href":"https:\/\/www.maspares.com\/ca\/wp-json\/wp\/v2\/pages\/3082\/revisions"}],"predecessor-version":[{"id":6204,"href":"https:\/\/www.maspares.com\/ca\/wp-json\/wp\/v2\/pages\/3082\/revisions\/6204"}],"wp:attachment":[{"href":"https:\/\/www.maspares.com\/ca\/wp-json\/wp\/v2\/media?parent=3082"}],"curies":[{"name":"wp","href":"https:\/\/api.w.org\/{rel}","templated":true}]}}